{"id":2748,"date":"2025-05-16T18:25:52","date_gmt":"2025-05-16T18:25:52","guid":{"rendered":"https:\/\/vetradent.ca\/?page_id=2748"},"modified":"2025-05-16T18:41:50","modified_gmt":"2025-05-16T18:41:50","slug":"faq","status":"publish","type":"page","link":"https:\/\/vetradent.ca\/fr\/faq\/","title":{"rendered":"FAQ (FR)"},"content":{"rendered":"\t\t<div data-elementor-type=\"wp-page\" data-elementor-id=\"2748\" class=\"elementor elementor-2748\">\n\t\t\t\t\t\t\t\t\t<section class=\"elementor-section elementor-top-section elementor-element elementor-element-76c67370 elementor-section-stretched elementor-section-boxed elementor-section-height-default elementor-section-height-default\" data-id=\"76c67370\" data-element_type=\"section\" data-settings=\"{&quot;stretch_section&quot;:&quot;section-stretched&quot;,&quot;background_background&quot;:&quot;gradient&quot;}\">\n\t\t\t\t\t\t<div class=\"elementor-container elementor-column-gap-default\">\n\t\t\t\t\t<div class=\"elementor-column elementor-col-33 elementor-top-column elementor-element elementor-element-d178158\" data-id=\"d178158\" data-element_type=\"column\">\n\t\t\t<div class=\"elementor-widget-wrap elementor-element-populated\">\n\t\t\t\t\t\t\t\t<section class=\"elementor-section elementor-inner-section elementor-element elementor-element-3377d625 elementor-section-boxed elementor-section-height-default elementor-section-height-default\" data-id=\"3377d625\" data-element_type=\"section\">\n\t\t\t\t\t\t<div class=\"elementor-container elementor-column-gap-no\">\n\t\t\t\t\t<div class=\"elementor-column elementor-col-100 elementor-inner-column elementor-element elementor-element-3375220c\" data-id=\"3375220c\" data-element_type=\"column\">\n\t\t\t<div class=\"elementor-widget-wrap elementor-element-populated\">\n\t\t\t\t\t\t\t\t<div class=\"elementor-element elementor-element-29fc3cec elementor-widget elementor-widget-heading\" data-id=\"29fc3cec\" data-element_type=\"widget\" data-widget_type=\"heading.default\">\n\t\t\t\t<div class=\"elementor-widget-container\">\n\t\t\t<style>\/*! elementor - v3.7.8 - 02-10-2022 *\/\n.elementor-heading-title{padding:0;margin:0;line-height:1}.elementor-widget-heading .elementor-heading-title[class*=elementor-size-]>a{color:inherit;font-size:inherit;line-height:inherit}.elementor-widget-heading .elementor-heading-title.elementor-size-small{font-size:15px}.elementor-widget-heading .elementor-heading-title.elementor-size-medium{font-size:19px}.elementor-widget-heading .elementor-heading-title.elementor-size-large{font-size:29px}.elementor-widget-heading .elementor-heading-title.elementor-size-xl{font-size:39px}.elementor-widget-heading .elementor-heading-title.elementor-size-xxl{font-size:59px}<\/style><h2 class=\"elementor-heading-title elementor-size-default\">faq<\/h2>\t\t<\/div>\n\t\t\t\t<\/div>\n\t\t\t\t\t<\/div>\n\t\t<\/div>\n\t\t\t\t\t\t\t<\/div>\n\t\t<\/section>\n\t\t\t\t\t<\/div>\n\t\t<\/div>\n\t\t\t\t<div class=\"elementor-column elementor-col-66 elementor-top-column elementor-element elementor-element-2e42d044\" data-id=\"2e42d044\" data-element_type=\"column\" data-settings=\"{&quot;background_background&quot;:&quot;classic&quot;}\">\n\t\t\t<div class=\"elementor-widget-wrap\">\n\t\t\t\t\t\t\t\t\t<\/div>\n\t\t<\/div>\n\t\t\t\t\t\t\t<\/div>\n\t\t<\/section>\n\t\t\t\t<section class=\"elementor-section elementor-top-section elementor-element elementor-element-2f7c7df half_img_sec elementor-section-boxed elementor-section-height-default elementor-section-height-default\" data-id=\"2f7c7df\" data-element_type=\"section\" data-settings=\"{&quot;background_background&quot;:&quot;classic&quot;}\">\n\t\t\t\t\t\t<div class=\"elementor-container elementor-column-gap-no\">\n\t\t\t\t\t<div class=\"elementor-column elementor-col-100 elementor-top-column elementor-element elementor-element-7938fb21\" data-id=\"7938fb21\" data-element_type=\"column\">\n\t\t\t<div class=\"elementor-widget-wrap elementor-element-populated\">\n\t\t\t\t\t\t\t\t<section class=\"elementor-section elementor-inner-section elementor-element elementor-element-424a0977 elementor-section-full_width elementor-section-content-middle elementor-section-height-default elementor-section-height-default\" data-id=\"424a0977\" data-element_type=\"section\">\n\t\t\t\t\t\t<div class=\"elementor-container elementor-column-gap-default\">\n\t\t\t\t\t<div class=\"elementor-column elementor-col-50 elementor-inner-column elementor-element elementor-element-11daedc2\" data-id=\"11daedc2\" data-element_type=\"column\" data-settings=\"{&quot;background_background&quot;:&quot;classic&quot;}\">\n\t\t\t<div class=\"elementor-widget-wrap elementor-element-populated\">\n\t\t\t\t\t\t\t\t<div class=\"elementor-element elementor-element-78e9e5d4 elementor-widget elementor-widget-heading\" data-id=\"78e9e5d4\" data-element_type=\"widget\" data-widget_type=\"heading.default\">\n\t\t\t\t<div class=\"elementor-widget-container\">\n\t\t\t<h2 class=\"elementor-heading-title elementor-size-default\">Avoir mauvaise haleine, c'est normale?<\/h2>\t\t<\/div>\n\t\t\t\t<\/div>\n\t\t\t\t<div class=\"elementor-element elementor-element-1321ef9a elementor-widget elementor-widget-text-editor\" data-id=\"1321ef9a\" data-element_type=\"widget\" data-widget_type=\"text-editor.default\">\n\t\t\t\t<div class=\"elementor-widget-container\">\n\t\t\t<style>\/*! elementor - v3.7.8 - 02-10-2022 *\/\n.elementor-widget-text-editor.elementor-drop-cap-view-stacked .elementor-drop-cap{background-color:#818a91;color:#fff}.elementor-widget-text-editor.elementor-drop-cap-view-framed .elementor-drop-cap{color:#818a91;border:3px solid;background-color:transparent}.elementor-widget-text-editor:not(.elementor-drop-cap-view-default) .elementor-drop-cap{margin-top:8px}.elementor-widget-text-editor:not(.elementor-drop-cap-view-default) .elementor-drop-cap-letter{width:1em;height:1em}.elementor-widget-text-editor .elementor-drop-cap{float:left;text-align:center;line-height:1;font-size:50px}.elementor-widget-text-editor .elementor-drop-cap-letter{display:inline-block}<\/style>\t\t\t\t<h6 class=\"sr-only\">ChatGPT said:<\/h6><div class=\"text-base my-auto mx-auto py-5 [--thread-content-margin:--spacing(4)] @[37rem]:[--thread-content-margin:--spacing(6)] @[72rem]:[--thread-content-margin:--spacing(16)] px-(--thread-content-margin)\"><div class=\"[--thread-content-max-width:32rem] @[34rem]:[--thread-content-max-width:40rem] @[64rem]:[--thread-content-max-width:48rem] mx-auto flex max-w-(--thread-content-max-width) flex-1 text-base gap-4 md:gap-5 lg:gap-6 group\/turn-messages focus-visible:outline-hidden\" tabindex=\"-1\"><div class=\"group\/conversation-turn relative flex w-full min-w-0 flex-col agent-turn\"><div class=\"relative flex-col gap-1 md:gap-3\"><div class=\"flex max-w-full flex-col grow\"><div class=\"min-h-8 text-message relative flex w-full flex-col items-end gap-2 text-start break-words whitespace-normal [.text-message+&amp;]:mt-5\" dir=\"auto\" data-message-author-role=\"assistant\" data-message-id=\"9ec3e259-52b1-46b4-9a87-c05a455b909a\" data-message-model-slug=\"gpt-4o\"><div class=\"flex w-full flex-col gap-1 empty:hidden first:pt-[3px]\"><div class=\"markdown prose dark:prose-invert w-full break-words light\"><p class=\"\" data-start=\"0\" data-end=\"318\">La mauvaise haleine peut \u00eatre \u00e9vit\u00e9e. Vetradent\u2122 a d\u00e9montr\u00e9 son efficacit\u00e9 pour maintenir et favoriser une bonne hygi\u00e8ne bucco-dentaire. Formul\u00e9 avec la technologie Biotrate\u2122 Vetradent\u2122 utilise des ingr\u00e9dients de qualit\u00e9 alimentaire s\u00fbrs pour une consommation quotidienne. Satisfaction garantie.<\/p><\/div><\/div><\/div><\/div><\/div><\/div><\/div><\/div>\t\t\t\t\t\t<\/div>\n\t\t\t\t<\/div>\n\t\t\t\t<div class=\"elementor-element elementor-element-527b9a34 elementor-widget elementor-widget-text-editor\" data-id=\"527b9a34\" data-element_type=\"widget\" data-widget_type=\"text-editor.default\">\n\t\t\t\t<div class=\"elementor-widget-container\">\n\t\t\t\t\t\t\t<div class=\"flex max-w-full flex-col grow\"><div class=\"min-h-8 text-message relative flex w-full flex-col items-end gap-2 text-start break-words whitespace-normal [.text-message+&amp;]:mt-5\" dir=\"auto\" data-message-author-role=\"assistant\" data-message-id=\"906d8d23-e998-4bf8-94c2-71611a592a20\" data-message-model-slug=\"gpt-4o\"><div class=\"flex w-full flex-col gap-1 empty:hidden first:pt-[3px]\"><div class=\"markdown prose dark:prose-invert w-full break-words light\"><p class=\"\" data-start=\"0\" data-end=\"58\">Pour en savoir plus, visitez la page<a href=\"https:\/\/vetradent.ca\/fr\/sante-bucco-dentaire\/\"> Sant\u00e9 bucco-dentaire.<\/a><\/p><\/div><\/div><\/div><\/div>\t\t\t\t\t\t<\/div>\n\t\t\t\t<\/div>\n\t\t\t\t\t<\/div>\n\t\t<\/div>\n\t\t\t\t<div class=\"elementor-column elementor-col-25 elementor-inner-column elementor-element elementor-element-67493752 elementor-hidden-tablet elementor-hidden-mobile\" data-id=\"67493752\" data-element_type=\"column\">\n\t\t\t<div class=\"elementor-widget-wrap elementor-element-populated\">\n\t\t\t\t\t\t\t\t<div class=\"elementor-element elementor-element-6f55865a elementor-widget elementor-widget-image\" data-id=\"6f55865a\" data-element_type=\"widget\" data-widget_type=\"image.default\">\n\t\t\t\t<div class=\"elementor-widget-container\">\n\t\t\t<style>\/*! elementor - v3.7.8 - 02-10-2022 *\/\n.elementor-widget-image{text-align:center}.elementor-widget-image a{display:inline-block}.elementor-widget-image a img[src$=\".svg\"]{width:48px}.elementor-widget-image img{vertical-align:middle;display:inline-block}<\/style>\t\t\t\t\t\t\t\t\t\t\t\t<img width=\"1920\" height=\"1080\" src=\"https:\/\/vetradent.ca\/wp-content\/uploads\/2022\/07\/blank.png\" class=\"attachment-full size-full\" alt=\"\" loading=\"lazy\" srcset=\"https:\/\/vetradent.ca\/wp-content\/uploads\/2022\/07\/blank.png 1920w, https:\/\/vetradent.ca\/wp-content\/uploads\/2022\/07\/blank-300x169.png 300w, https:\/\/vetradent.ca\/wp-content\/uploads\/2022\/07\/blank-1024x576.png 1024w, https:\/\/vetradent.ca\/wp-content\/uploads\/2022\/07\/blank-768x432.png 768w, https:\/\/vetradent.ca\/wp-content\/uploads\/2022\/07\/blank-1536x864.png 1536w\" sizes=\"(max-width: 1920px) 100vw, 1920px\" \/>\t\t\t\t\t\t\t\t\t\t\t\t\t\t\t<\/div>\n\t\t\t\t<\/div>\n\t\t\t\t\t<\/div>\n\t\t<\/div>\n\t\t\t\t<div class=\"elementor-column elementor-col-25 elementor-inner-column elementor-element elementor-element-53eb0bb5\" data-id=\"53eb0bb5\" data-element_type=\"column\">\n\t\t\t<div class=\"elementor-widget-wrap elementor-element-populated\">\n\t\t\t\t\t\t\t\t<div class=\"elementor-element elementor-element-6685dc16 elementor-widget elementor-widget-image\" data-id=\"6685dc16\" data-element_type=\"widget\" data-widget_type=\"image.default\">\n\t\t\t\t<div class=\"elementor-widget-container\">\n\t\t\t\t\t\t\t\t\t\t\t\t\t\t\t<img width=\"1920\" height=\"1080\" src=\"https:\/\/vetradent.ca\/wp-content\/uploads\/2022\/07\/blank.png\" class=\"attachment-full size-full\" alt=\"\" loading=\"lazy\" srcset=\"https:\/\/vetradent.ca\/wp-content\/uploads\/2022\/07\/blank.png 1920w, https:\/\/vetradent.ca\/wp-content\/uploads\/2022\/07\/blank-300x169.png 300w, https:\/\/vetradent.ca\/wp-content\/uploads\/2022\/07\/blank-1024x576.png 1024w, https:\/\/vetradent.ca\/wp-content\/uploads\/2022\/07\/blank-768x432.png 768w, https:\/\/vetradent.ca\/wp-content\/uploads\/2022\/07\/blank-1536x864.png 1536w\" sizes=\"(max-width: 1920px) 100vw, 1920px\" \/>\t\t\t\t\t\t\t\t\t\t\t\t\t\t\t<\/div>\n\t\t\t\t<\/div>\n\t\t\t\t\t<\/div>\n\t\t<\/div>\n\t\t\t\t\t\t\t<\/div>\n\t\t<\/section>\n\t\t\t\t\t<\/div>\n\t\t<\/div>\n\t\t\t\t\t\t\t<\/div>\n\t\t<\/section>\n\t\t\t\t<section class=\"elementor-section elementor-top-section elementor-element elementor-element-1794383e elementor-section-stretched elementor-section-boxed elementor-section-height-default elementor-section-height-default\" data-id=\"1794383e\" data-element_type=\"section\" data-settings=\"{&quot;background_background&quot;:&quot;classic&quot;,&quot;stretch_section&quot;:&quot;section-stretched&quot;}\">\n\t\t\t\t\t\t<div class=\"elementor-container elementor-column-gap-default\">\n\t\t\t\t\t<div class=\"elementor-column elementor-col-100 elementor-top-column elementor-element elementor-element-692e9412\" data-id=\"692e9412\" data-element_type=\"column\">\n\t\t\t<div class=\"elementor-widget-wrap elementor-element-populated\">\n\t\t\t\t\t\t\t\t<div class=\"elementor-element elementor-element-11d0e9be elementor-widget elementor-widget-heading\" data-id=\"11d0e9be\" data-element_type=\"widget\" data-widget_type=\"heading.default\">\n\t\t\t\t<div class=\"elementor-widget-container\">\n\t\t\t<h2 class=\"elementor-heading-title elementor-size-default\">FAQ sur vetradent<\/h2>\t\t<\/div>\n\t\t\t\t<\/div>\n\t\t\t\t<div class=\"elementor-element elementor-element-506a282f elementor-widget elementor-widget-text-editor\" data-id=\"506a282f\" data-element_type=\"widget\" data-widget_type=\"text-editor.default\">\n\t\t\t\t<div class=\"elementor-widget-container\">\n\t\t\t\t\t\t\t<p><strong>O\u00f9 puis-je acheter les produits Vetradent\u00ae?<\/strong><br \/>Demandez Vetradent \u00e0 votre \u00e9tablissement v\u00e9t\u00e9rinaire local. Les produits Vetradent sont disponibles partout au Canada, exclusivement dans votre \u00e9tablissement v\u00e9t\u00e9rinaire.<br \/>\u00c0 noter : Bien que des produits Vetradent puissent appara\u00eetre sur des sites tiers comme Amazon, ces offres ne sont actuellement ni affili\u00e9es ni g\u00e9r\u00e9es par nous. Pour garantir l\u2019authenticit\u00e9 et le soutien appropri\u00e9, nous vous recommandons d\u2019acheter les produits Vetradent chez votre v\u00e9t\u00e9rinaire.<br \/><br \/><strong>Dois-je brosser les dents de mon animal?<\/strong><br \/>Les soins bucco-dentaires sont importants chez les chiens et les chats pour pr\u00e9venir les cons\u00e9quences \u00e0 long terme d\u2019une mauvaise hygi\u00e8ne dentaire. Le brossage est la r\u00e9f\u00e9rence en mati\u00e8re de soins dentaires, car il combine une composition active (le dentifrice) et une action m\u00e9canique (la brosse \u00e0 dents). Si votre animal n\u2019accepte pas le brossage, nous avons d\u2019autres solutions pour vous : additif d\u2019eau Vetradent, vaporisateur dentaire, lingettes dentaires, lamelles dentaires \u00e0 m\u00e2cher et lamelles dentaires v\u00e9g\u00e9s \u00e0 m\u00e2cher. Pour en savoir plus, visitez notre page : <a href=\"https:\/\/vetradent.ca\/fr\/sante-bucco-dentaire\/\">Sant\u00e9 buccodentaire.<\/a><br \/><br \/><strong>La mauvaise haleine de mon animal est-elle normale?<\/strong><br \/>Non! La mauvaise haleine peut indiquer un probl\u00e8me sous-jacent. Si votre animal a mauvaise haleine, il devrait \u00eatre examin\u00e9 par un v\u00e9t\u00e9rinaire afin d\u2019en identifier la cause et de d\u00e9terminer la meilleure solution. Pour en savoir plus, visitez notre page : <a href=\"https:\/\/vetradent.ca\/fr\/sante-bucco-dentaire\/\">Sant\u00e9 buccodentaire.<\/a><br \/><br \/><strong>Dois-je utiliser tous les produits Vetradent\u00ae en m\u00eame temps sur mon animal?<\/strong><br \/>Le brossage reste la m\u00e9thode id\u00e9ale si votre animal le tol\u00e8re. Si ce n\u2019est pas une option pour vous ou votre animal, nous proposons d\u2019autres alternatives : lingettes dentaires, additif d\u2019eau ou additif d\u2019eau en poudre, vaporisateur dentaire, lamelles dentaires \u00e0 m\u00e2cher ou lamelles dentaires v\u00e9g\u00e9s \u00e0 m\u00e2cher. Ces produits peuvent \u00eatre utilis\u00e9s seuls ou combin\u00e9s pour une meilleure efficacit\u00e9. Demandez conseil \u00e0 votre v\u00e9t\u00e9rinaire pour savoir quel protocole convient le mieux \u00e0 votre animal.<br \/><br \/><strong>L\u2019Additif d\u2019eau Vetradent\u00ae est-il s\u00e9curitaire si mon chien et mon chat partagent la m\u00eame gamelle?<\/strong><br \/>Oui, absolument. L\u2019Additif d\u2019eau Vetradent est s\u00e9curitaire pour les chiens et les chats.<br \/>Que se passe-t-il si je ne change pas l\u2019eau tous les jours? Dois-je jeter l\u2019eau \u00e0 chaque fois?<br \/>Pour de meilleurs r\u00e9sultats, ajoutez l\u2019Additif d\u2019eau Vetradent\u00ae \u00e0 chaque remplissage du bol. Id\u00e9alement, l\u2019eau de votre animal devrait \u00eatre chang\u00e9e tous les jours. Toutefois, si vous changez l\u2019eau aux quelques jours, il est tout de m\u00eame possible de laisser la formule dans l\u2019eau. Cela ne diluera pas l\u2019efficacit\u00e9 du produit. Pour les animaux qui boivent peu, vous pouvez combiner l\u2019additif d\u2019eau avec un autre produit Vetradent pour maximiser les bienfaits.<br \/><br \/><strong>Dois-je r\u00e9frig\u00e9rer les produits Vetradent\u00ae?<\/strong><br \/>Non. Tous nos produits peuvent \u00eatre conserv\u00e9s \u00e0 temp\u00e9rature ambiante.<br \/>Les Additifs d\u2019eau Vetradent\u00ae fonctionnent-ils avec les fontaines \u00e0 eau filtr\u00e9e?<br \/>Oui. Nos tests montrent que les syst\u00e8mes de filtration, m\u00eame avec filtres au charbon, n\u2019alt\u00e8rent pas la formule. Il est important d\u2019ajouter le bon ratio d\u2019additif \u00e0 l\u2019eau avant de verser dans la fontaine.<br \/><br \/><strong>Faut-il dissoudre la Poudre d\u2019additif d\u2019eau Vetradent\u00ae dans de l\u2019eau bouillante?<\/strong><br \/>Non, de l\u2019eau chaude du robinet suffit pour acc\u00e9l\u00e9rer la dissolution de la poudre.<br \/><br \/><strong>Que faire si mon animal refuse de boire l\u2019eau avec l\u2019Additif d\u2019eau Vetradent\u00ae?<\/strong><br \/>La plupart des animaux acceptent l\u2019eau avec l\u2019Additif Vetradent. Si ce n\u2019est pas le cas, cessez l\u2019utilisation quelques jours, puis r\u00e9introduisez le produit graduellement en utilisant une concentration r\u00e9duite (\u00bc de la dose recommand\u00e9e). Vous pourrez ensuite augmenter lentement la quantit\u00e9 jusqu\u2019\u00e0 la dose recommand\u00e9e. Si votre animal refuse toujours, essayez un autre produit de la gamme Vetradent.<br \/><br \/><strong>Et si mon animal n\u2019aime aucun des produits Vetradent\u00ae?<\/strong><br \/>La plupart des animaux appr\u00e9cient au moins un des produits Vetradent. Si ce n\u2019est pas le cas, sachez que Vetradent offre une garantie de 100 % sur l\u2019app\u00e9tence. Veuillez contacter l\u2019\u00e9tablissement v\u00e9t\u00e9rinaire o\u00f9 vous avez effectu\u00e9 l\u2019achat pour un \u00e9change ou un remboursement.<br \/><br \/><strong>Qu\u2019est-ce que le VOHC?<\/strong><br \/>Le Veterinary Oral Health Council (VOHC) accorde son sceau d\u2019acceptation aux produits v\u00e9t\u00e9rinaires qui ont d\u00e9montr\u00e9 leur efficacit\u00e9 \u00e0 r\u00e9duire la plaque et\/ou le tartre gr\u00e2ce \u00e0 des \u00e9tudes cliniques. Certains produits Vetradent\u00ae portent le sceau VOHC pour \u00ab Aide \u00e0 contr\u00f4ler le tartre \u00bb, ce qui t\u00e9moigne de leur efficacit\u00e9 prouv\u00e9e en sant\u00e9 buccodentaire.<\/p>\t\t\t\t\t\t<\/div>\n\t\t\t\t<\/div>\n\t\t\t\t<div class=\"elementor-element elementor-element-52a9c elementor-widget elementor-widget-text-editor\" data-id=\"52a9c\" data-element_type=\"widget\" data-widget_type=\"text-editor.default\">\n\t\t\t\t<div class=\"elementor-widget-container\">\n\t\t\t\t\t\t\t\t\t\t\t\t\t<\/div>\n\t\t\t\t<\/div>\n\t\t\t\t\t<\/div>\n\t\t<\/div>\n\t\t\t\t\t\t\t<\/div>\n\t\t<\/section>\n\t\t\t\t<section class=\"elementor-section elementor-top-section elementor-element elementor-element-761a7be elementor-section-boxed elementor-section-height-default elementor-section-height-default\" data-id=\"761a7be\" data-element_type=\"section\">\n\t\t\t\t\t\t<div class=\"elementor-container elementor-column-gap-default\">\n\t\t\t\t\t<div class=\"elementor-column elementor-col-100 elementor-top-column elementor-element elementor-element-c0a8195\" data-id=\"c0a8195\" data-element_type=\"column\">\n\t\t\t<div class=\"elementor-widget-wrap\">\n\t\t\t\t\t\t\t\t\t<\/div>\n\t\t<\/div>\n\t\t\t\t\t\t\t<\/div>\n\t\t<\/section>\n\t\t\t\t\t\t\t<\/div>\n\t\t","protected":false},"excerpt":{"rendered":"<p>faq Avoir mauvaise haleine, c&rsquo;est normale? ChatGPT said: La mauvaise haleine peut \u00eatre \u00e9vit\u00e9e. Vetradent\u2122 a d\u00e9montr\u00e9 son efficacit\u00e9 pour maintenir et favoriser une bonne hygi\u00e8ne bucco-dentaire. Formul\u00e9 avec la technologie Biotrate\u2122 Vetradent\u2122 utilise des ingr\u00e9dients de qualit\u00e9 alimentaire s\u00fbrs pour une consommation quotidienne. Satisfaction garantie. Pour en savoir plus, visitez la page Sant\u00e9 bucco-dentaire. [&hellip;]<\/p>\n","protected":false},"author":1,"featured_media":0,"parent":0,"menu_order":0,"comment_status":"closed","ping_status":"closed","template":"elementor_header_footer","meta":[],"_links":{"self":[{"href":"https:\/\/vetradent.ca\/fr\/wp-json\/wp\/v2\/pages\/2748"}],"collection":[{"href":"https:\/\/vetradent.ca\/fr\/wp-json\/wp\/v2\/pages"}],"about":[{"href":"https:\/\/vetradent.ca\/fr\/wp-json\/wp\/v2\/types\/page"}],"author":[{"embeddable":true,"href":"https:\/\/vetradent.ca\/fr\/wp-json\/wp\/v2\/users\/1"}],"replies":[{"embeddable":true,"href":"https:\/\/vetradent.ca\/fr\/wp-json\/wp\/v2\/comments?post=2748"}],"version-history":[{"count":20,"href":"https:\/\/vetradent.ca\/fr\/wp-json\/wp\/v2\/pages\/2748\/revisions"}],"predecessor-version":[{"id":2771,"href":"https:\/\/vetradent.ca\/fr\/wp-json\/wp\/v2\/pages\/2748\/revisions\/2771"}],"wp:attachment":[{"href":"https:\/\/vetradent.ca\/fr\/wp-json\/wp\/v2\/media?parent=2748"}],"curies":[{"name":"wp","href":"https:\/\/api.w.org\/{rel}","templated":true}]}}