{"id":2435,"date":"2023-05-19T06:30:46","date_gmt":"2023-05-19T06:30:46","guid":{"rendered":"https:\/\/vetradent.ca\/cookies\/"},"modified":"2023-05-19T06:55:03","modified_gmt":"2023-05-19T06:55:03","slug":"temoins","status":"publish","type":"page","link":"https:\/\/vetradent.ca\/fr\/temoins\/","title":{"rendered":"T\u00e9moins"},"content":{"rendered":"\t\t<div data-elementor-type=\"wp-page\" data-elementor-id=\"2435\" class=\"elementor elementor-2435\">\n\t\t\t\t\t\t\t\t\t<section class=\"elementor-section elementor-top-section elementor-element elementor-element-8550d53 elementor-section-stretched elementor-section-boxed elementor-section-height-default elementor-section-height-default\" data-id=\"8550d53\" data-element_type=\"section\" data-settings=\"{&quot;stretch_section&quot;:&quot;section-stretched&quot;,&quot;background_background&quot;:&quot;gradient&quot;}\">\n\t\t\t\t\t\t<div class=\"elementor-container elementor-column-gap-default\">\n\t\t\t\t\t<div class=\"elementor-column elementor-col-33 elementor-top-column elementor-element elementor-element-5d42dd2\" data-id=\"5d42dd2\" data-element_type=\"column\">\n\t\t\t<div class=\"elementor-widget-wrap elementor-element-populated\">\n\t\t\t\t\t\t\t\t<section class=\"elementor-section elementor-inner-section elementor-element elementor-element-7f2325b elementor-section-boxed elementor-section-height-default elementor-section-height-default\" data-id=\"7f2325b\" data-element_type=\"section\" data-settings=\"{&quot;background_background&quot;:&quot;gradient&quot;}\">\n\t\t\t\t\t\t<div class=\"elementor-container elementor-column-gap-no\">\n\t\t\t\t\t<div class=\"elementor-column elementor-col-100 elementor-inner-column elementor-element elementor-element-87aa2bf\" data-id=\"87aa2bf\" data-element_type=\"column\">\n\t\t\t<div class=\"elementor-widget-wrap elementor-element-populated\">\n\t\t\t\t\t\t\t\t<div class=\"elementor-element elementor-element-1a04759 elementor-widget elementor-widget-heading\" data-id=\"1a04759\" data-element_type=\"widget\" data-widget_type=\"heading.default\">\n\t\t\t\t<div class=\"elementor-widget-container\">\n\t\t\t<style>\/*! elementor - v3.7.8 - 02-10-2022 *\/\n.elementor-heading-title{padding:0;margin:0;line-height:1}.elementor-widget-heading .elementor-heading-title[class*=elementor-size-]>a{color:inherit;font-size:inherit;line-height:inherit}.elementor-widget-heading .elementor-heading-title.elementor-size-small{font-size:15px}.elementor-widget-heading .elementor-heading-title.elementor-size-medium{font-size:19px}.elementor-widget-heading .elementor-heading-title.elementor-size-large{font-size:29px}.elementor-widget-heading .elementor-heading-title.elementor-size-xl{font-size:39px}.elementor-widget-heading .elementor-heading-title.elementor-size-xxl{font-size:59px}<\/style><h2 class=\"elementor-heading-title elementor-size-default\">Politique d\u2019utilisation des t\u00e9moins<\/h2>\t\t<\/div>\n\t\t\t\t<\/div>\n\t\t\t\t\t<\/div>\n\t\t<\/div>\n\t\t\t\t\t\t\t<\/div>\n\t\t<\/section>\n\t\t\t\t\t<\/div>\n\t\t<\/div>\n\t\t\t\t<div class=\"elementor-column elementor-col-66 elementor-top-column elementor-element elementor-element-930e88f\" data-id=\"930e88f\" data-element_type=\"column\" data-settings=\"{&quot;background_background&quot;:&quot;classic&quot;}\">\n\t\t\t<div class=\"elementor-widget-wrap\">\n\t\t\t\t\t\t\t\t\t<\/div>\n\t\t<\/div>\n\t\t\t\t\t\t\t<\/div>\n\t\t<\/section>\n\t\t\t\t<section class=\"elementor-section elementor-top-section elementor-element elementor-element-8c76782 elementor-section-boxed elementor-section-height-default elementor-section-height-default\" data-id=\"8c76782\" data-element_type=\"section\">\n\t\t\t\t\t\t<div class=\"elementor-container elementor-column-gap-default\">\n\t\t\t\t\t<div class=\"elementor-column elementor-col-100 elementor-top-column elementor-element elementor-element-91d03de\" data-id=\"91d03de\" data-element_type=\"column\">\n\t\t\t<div class=\"elementor-widget-wrap elementor-element-populated\">\n\t\t\t\t\t\t\t\t<section class=\"elementor-section elementor-inner-section elementor-element elementor-element-108c2e7 elementor-section-full_width elementor-section-content-middle elementor-section-height-default elementor-section-height-default\" data-id=\"108c2e7\" data-element_type=\"section\">\n\t\t\t\t\t\t<div class=\"elementor-container elementor-column-gap-default\">\n\t\t\t\t\t<div class=\"elementor-column elementor-col-100 elementor-inner-column elementor-element elementor-element-8877e3b\" data-id=\"8877e3b\" data-element_type=\"column\" data-settings=\"{&quot;background_background&quot;:&quot;classic&quot;}\">\n\t\t\t<div class=\"elementor-widget-wrap elementor-element-populated\">\n\t\t\t\t\t\t\t\t<div class=\"elementor-element elementor-element-827bfb2 elementor-widget elementor-widget-heading\" data-id=\"827bfb2\" data-element_type=\"widget\" data-widget_type=\"heading.default\">\n\t\t\t\t<div class=\"elementor-widget-container\">\n\t\t\t<h2 class=\"elementor-heading-title elementor-size-default\">Qu\u2019est-ce qu\u2019un t\u00e9moin?<\/h2>\t\t<\/div>\n\t\t\t\t<\/div>\n\t\t\t\t<div class=\"elementor-element elementor-element-9b37ce8 elementor-widget elementor-widget-text-editor\" data-id=\"9b37ce8\" data-element_type=\"widget\" data-widget_type=\"text-editor.default\">\n\t\t\t\t<div class=\"elementor-widget-container\">\n\t\t\t<style>\/*! elementor - v3.7.8 - 02-10-2022 *\/\n.elementor-widget-text-editor.elementor-drop-cap-view-stacked .elementor-drop-cap{background-color:#818a91;color:#fff}.elementor-widget-text-editor.elementor-drop-cap-view-framed .elementor-drop-cap{color:#818a91;border:3px solid;background-color:transparent}.elementor-widget-text-editor:not(.elementor-drop-cap-view-default) .elementor-drop-cap{margin-top:8px}.elementor-widget-text-editor:not(.elementor-drop-cap-view-default) .elementor-drop-cap-letter{width:1em;height:1em}.elementor-widget-text-editor .elementor-drop-cap{float:left;text-align:center;line-height:1;font-size:50px}.elementor-widget-text-editor .elementor-drop-cap-letter{display:inline-block}<\/style>\t\t\t\tUn t\u00e9moin est un tr\u00e8s petit fichier texte qui est enregistr\u00e9 sur votre appareil par les sites Web que vous visitez. L\u2019information que contient le t\u00e9moin est d\u00e9finie par le serveur qui g\u00e8re le site Web et peut \u00eatre utilis\u00e9e par ce serveur chaque fois que vous visitez le site.\t\t\t\t\t\t<\/div>\n\t\t\t\t<\/div>\n\t\t\t\t<div class=\"elementor-element elementor-element-542f3c3 elementor-widget elementor-widget-heading\" data-id=\"542f3c3\" data-element_type=\"widget\" data-widget_type=\"heading.default\">\n\t\t\t\t<div class=\"elementor-widget-container\">\n\t\t\t<h2 class=\"elementor-heading-title elementor-size-default\">Information concernant notre utilisation des t\u00e9moins<\/h2>\t\t<\/div>\n\t\t\t\t<\/div>\n\t\t\t\t<div class=\"elementor-element elementor-element-0b3f96d elementor-widget elementor-widget-text-editor\" data-id=\"0b3f96d\" data-element_type=\"widget\" data-widget_type=\"text-editor.default\">\n\t\t\t\t<div class=\"elementor-widget-container\">\n\t\t\t\t\t\t\tNotre site Web utilise des t\u00e9moins pour nous permettre de vous diff\u00e9rencier des autres utilisateurs de notre site. Cela nous permet de vous offrir une exp\u00e9rience optimis\u00e9e lorsque vous parcourez notre site Web ainsi que d\u2019am\u00e9liorer ce dernier.\t\t\t\t\t\t<\/div>\n\t\t\t\t<\/div>\n\t\t\t\t<div class=\"elementor-element elementor-element-4f49acf elementor-widget elementor-widget-heading\" data-id=\"4f49acf\" data-element_type=\"widget\" data-widget_type=\"heading.default\">\n\t\t\t\t<div class=\"elementor-widget-container\">\n\t\t\t<h2 class=\"elementor-heading-title elementor-size-default\">Types de t\u00e9moins<\/h2>\t\t<\/div>\n\t\t\t\t<\/div>\n\t\t\t\t<div class=\"elementor-element elementor-element-6912eba elementor-widget elementor-widget-text-editor\" data-id=\"6912eba\" data-element_type=\"widget\" data-widget_type=\"text-editor.default\">\n\t\t\t\t<div class=\"elementor-widget-container\">\n\t\t\t\t\t\t\tLes t\u00e9moins peuvent \u00eatre regroup\u00e9s dans les cat\u00e9gories suivantes :\t\t\t\t\t\t<\/div>\n\t\t\t\t<\/div>\n\t\t\t\t<div class=\"elementor-element elementor-element-97f051b elementor-widget elementor-widget-heading\" data-id=\"97f051b\" data-element_type=\"widget\" data-widget_type=\"heading.default\">\n\t\t\t\t<div class=\"elementor-widget-container\">\n\t\t\t<h2 class=\"elementor-heading-title elementor-size-default\">T\u00e9moins volatils<\/h2>\t\t<\/div>\n\t\t\t\t<\/div>\n\t\t\t\t<div class=\"elementor-element elementor-element-8a651bd elementor-widget elementor-widget-text-editor\" data-id=\"8a651bd\" data-element_type=\"widget\" data-widget_type=\"text-editor.default\">\n\t\t\t\t<div class=\"elementor-widget-container\">\n\t\t\t\t\t\t\tCes t\u00e9moins sont temporaires. Ils ne sont stock\u00e9s dans la m\u00e9moire de votre appareil que pendant la dur\u00e9e de votre session de navigation et en sont automatiquement supprim\u00e9s d\u00e8s que vous fermez le navigateur.\t\t\t\t\t\t<\/div>\n\t\t\t\t<\/div>\n\t\t\t\t<div class=\"elementor-element elementor-element-1b80908 elementor-widget elementor-widget-heading\" data-id=\"1b80908\" data-element_type=\"widget\" data-widget_type=\"heading.default\">\n\t\t\t\t<div class=\"elementor-widget-container\">\n\t\t\t<h2 class=\"elementor-heading-title elementor-size-default\">T\u00e9moins persistants ou permanents<\/h2>\t\t<\/div>\n\t\t\t\t<\/div>\n\t\t\t\t<div class=\"elementor-element elementor-element-89e13ae elementor-widget elementor-widget-text-editor\" data-id=\"89e13ae\" data-element_type=\"widget\" data-widget_type=\"text-editor.default\">\n\t\t\t\t<div class=\"elementor-widget-container\">\n\t\t\t\t\t\t\tLes t\u00e9moins persistants ou permanents sont stock\u00e9s sur votre appareil et ne sont pas effac\u00e9s lorsque vous fermez le navigateur. Les t\u00e9moins permanents peuvent stocker les pr\u00e9f\u00e9rences de l\u2019utilisateur pour un site Web donn\u00e9, ce qui rend possible l\u2019utilisation de ces pr\u00e9f\u00e9rences \u00e0 l\u2019occasion de sessions de navigation futures. Ces t\u00e9moins demeurent stock\u00e9s sur votre appareil tant que vous ne les effacez pas ou jusqu\u2019\u00e0 ce qu\u2019ils arrivent \u00e0 \u00e9ch\u00e9ance (selon la dur\u00e9e de vie du t\u00e9moin fix\u00e9e par le site Web visit\u00e9).\t\t\t\t\t\t<\/div>\n\t\t\t\t<\/div>\n\t\t\t\t<div class=\"elementor-element elementor-element-2894845 elementor-widget elementor-widget-heading\" data-id=\"2894845\" data-element_type=\"widget\" data-widget_type=\"heading.default\">\n\t\t\t\t<div class=\"elementor-widget-container\">\n\t\t\t<h3 class=\"elementor-heading-title elementor-size-default\">Utilisation du site et consentement<\/h3>\t\t<\/div>\n\t\t\t\t<\/div>\n\t\t\t\t<div class=\"elementor-element elementor-element-52416f3 elementor-widget elementor-widget-text-editor\" data-id=\"52416f3\" data-element_type=\"widget\" data-widget_type=\"text-editor.default\">\n\t\t\t\t<div class=\"elementor-widget-container\">\n\t\t\t\t\t\t\tSi vous d\u00e9cidez de poursuivre votre utilisation du site Web de Dechra, nous supposons que vous acceptez l\u2019installation de t\u00e9moins sur votre appareil conform\u00e9ment \u00e0 la pr\u00e9sente Politique d\u2019utilisation des t\u00e9moins. Nous fournissons dans les pr\u00e9sentes des d\u00e9tails qui vous aideront \u00e0 trouver des informations sur la gestion et la suppression des t\u00e9moins.\t\t\t\t\t\t<\/div>\n\t\t\t\t<\/div>\n\t\t\t\t<div class=\"elementor-element elementor-element-6dd2351 elementor-widget elementor-widget-heading\" data-id=\"6dd2351\" data-element_type=\"widget\" data-widget_type=\"heading.default\">\n\t\t\t\t<div class=\"elementor-widget-container\">\n\t\t\t<h2 class=\"elementor-heading-title elementor-size-default\">Gestion et suppression des t\u00e9moins<\/h2>\t\t<\/div>\n\t\t\t\t<\/div>\n\t\t\t\t<div class=\"elementor-element elementor-element-6461de6 elementor-widget elementor-widget-text-editor\" data-id=\"6461de6\" data-element_type=\"widget\" data-widget_type=\"text-editor.default\">\n\t\t\t\t<div class=\"elementor-widget-container\">\n\t\t\t\t\t\t\tVous pourrez g\u00e9rer ou supprimer vos t\u00e9moins en acc\u00e9dant aux param\u00e8tres de la plupart des navigateurs.\t\t\t\t\t\t<\/div>\n\t\t\t\t<\/div>\n\t\t\t\t<div class=\"elementor-element elementor-element-825e2c9 elementor-widget elementor-widget-text-editor\" data-id=\"825e2c9\" data-element_type=\"widget\" data-widget_type=\"text-editor.default\">\n\t\t\t\t<div class=\"elementor-widget-container\">\n\t\t\t\t\t\t\tLa pr\u00e9sente Politique d\u2019utilisation des t\u00e9moins concerne le site Web de Dechra Veterinary Products. Elle ne couvre pas les liens contenus par le pr\u00e9sent site qui pointent vers d\u2019autres sites Web.\t\t\t\t\t\t<\/div>\n\t\t\t\t<\/div>\n\t\t\t\t\t<\/div>\n\t\t<\/div>\n\t\t\t\t\t\t\t<\/div>\n\t\t<\/section>\n\t\t\t\t\t<\/div>\n\t\t<\/div>\n\t\t\t\t\t\t\t<\/div>\n\t\t<\/section>\n\t\t\t\t\t\t\t<\/div>\n\t\t","protected":false},"excerpt":{"rendered":"<p>Politique d\u2019utilisation des t\u00e9moins Qu\u2019est-ce qu\u2019un t\u00e9moin? Un t\u00e9moin est un tr\u00e8s petit fichier texte qui est enregistr\u00e9 sur votre appareil par les sites Web que vous visitez. L\u2019information que contient le t\u00e9moin est d\u00e9finie par le serveur qui g\u00e8re le site Web et peut \u00eatre utilis\u00e9e par ce serveur chaque fois que vous visitez [&hellip;]<\/p>\n","protected":false},"author":1,"featured_media":0,"parent":0,"menu_order":0,"comment_status":"closed","ping_status":"closed","template":"elementor_header_footer","meta":[],"_links":{"self":[{"href":"https:\/\/vetradent.ca\/fr\/wp-json\/wp\/v2\/pages\/2435"}],"collection":[{"href":"https:\/\/vetradent.ca\/fr\/wp-json\/wp\/v2\/pages"}],"about":[{"href":"https:\/\/vetradent.ca\/fr\/wp-json\/wp\/v2\/types\/page"}],"author":[{"embeddable":true,"href":"https:\/\/vetradent.ca\/fr\/wp-json\/wp\/v2\/users\/1"}],"replies":[{"embeddable":true,"href":"https:\/\/vetradent.ca\/fr\/wp-json\/wp\/v2\/comments?post=2435"}],"version-history":[{"count":7,"href":"https:\/\/vetradent.ca\/fr\/wp-json\/wp\/v2\/pages\/2435\/revisions"}],"predecessor-version":[{"id":2442,"href":"https:\/\/vetradent.ca\/fr\/wp-json\/wp\/v2\/pages\/2435\/revisions\/2442"}],"wp:attachment":[{"href":"https:\/\/vetradent.ca\/fr\/wp-json\/wp\/v2\/media?parent=2435"}],"curies":[{"name":"wp","href":"https:\/\/api.w.org\/{rel}","templated":true}]}}