{"id":1972,"date":"2022-08-09T11:07:35","date_gmt":"2022-08-09T11:07:35","guid":{"rendered":"https:\/\/dev-vetradent.pantheonsite.io\/?page_id=1972"},"modified":"2022-08-22T06:33:44","modified_gmt":"2022-08-22T06:33:44","slug":"a-propos","status":"publish","type":"page","link":"https:\/\/vetradent.ca\/fr\/a-propos\/","title":{"rendered":"\u00c0 Propos"},"content":{"rendered":"\t\t<div data-elementor-type=\"wp-page\" data-elementor-id=\"1972\" class=\"elementor elementor-1972\">\n\t\t\t\t\t\t\t\t\t<section class=\"elementor-section elementor-top-section elementor-element elementor-element-8e73803 elementor-section-stretched elementor-section-boxed elementor-section-height-default elementor-section-height-default\" data-id=\"8e73803\" data-element_type=\"section\" data-settings=\"{&quot;stretch_section&quot;:&quot;section-stretched&quot;,&quot;background_background&quot;:&quot;gradient&quot;}\">\n\t\t\t\t\t\t<div class=\"elementor-container elementor-column-gap-default\">\n\t\t\t\t\t<div class=\"elementor-column elementor-col-33 elementor-top-column elementor-element elementor-element-596ffef\" data-id=\"596ffef\" data-element_type=\"column\">\n\t\t\t<div class=\"elementor-widget-wrap elementor-element-populated\">\n\t\t\t\t\t\t\t\t<section class=\"elementor-section elementor-inner-section elementor-element elementor-element-a83aa92 elementor-section-boxed elementor-section-height-default elementor-section-height-default\" data-id=\"a83aa92\" data-element_type=\"section\" data-settings=\"{&quot;background_background&quot;:&quot;gradient&quot;}\">\n\t\t\t\t\t\t<div class=\"elementor-container elementor-column-gap-no\">\n\t\t\t\t\t<div class=\"elementor-column elementor-col-100 elementor-inner-column elementor-element elementor-element-2e8b114\" data-id=\"2e8b114\" data-element_type=\"column\">\n\t\t\t<div class=\"elementor-widget-wrap elementor-element-populated\">\n\t\t\t\t\t\t\t\t<div class=\"elementor-element elementor-element-c11721d elementor-widget elementor-widget-heading\" data-id=\"c11721d\" data-element_type=\"widget\" data-widget_type=\"heading.default\">\n\t\t\t\t<div class=\"elementor-widget-container\">\n\t\t\t<style>\/*! elementor - v3.7.8 - 02-10-2022 *\/\n.elementor-heading-title{padding:0;margin:0;line-height:1}.elementor-widget-heading .elementor-heading-title[class*=elementor-size-]>a{color:inherit;font-size:inherit;line-height:inherit}.elementor-widget-heading .elementor-heading-title.elementor-size-small{font-size:15px}.elementor-widget-heading .elementor-heading-title.elementor-size-medium{font-size:19px}.elementor-widget-heading .elementor-heading-title.elementor-size-large{font-size:29px}.elementor-widget-heading .elementor-heading-title.elementor-size-xl{font-size:39px}.elementor-widget-heading .elementor-heading-title.elementor-size-xxl{font-size:59px}<\/style><h2 class=\"elementor-heading-title elementor-size-default\">\u00c0 PROPOS<\/h2>\t\t<\/div>\n\t\t\t\t<\/div>\n\t\t\t\t\t<\/div>\n\t\t<\/div>\n\t\t\t\t\t\t\t<\/div>\n\t\t<\/section>\n\t\t\t\t\t<\/div>\n\t\t<\/div>\n\t\t\t\t<div class=\"elementor-column elementor-col-66 elementor-top-column elementor-element elementor-element-6c00564\" data-id=\"6c00564\" data-element_type=\"column\" data-settings=\"{&quot;background_background&quot;:&quot;classic&quot;}\">\n\t\t\t<div class=\"elementor-widget-wrap\">\n\t\t\t\t\t\t\t\t\t<\/div>\n\t\t<\/div>\n\t\t\t\t\t\t\t<\/div>\n\t\t<\/section>\n\t\t\t\t<section class=\"elementor-section elementor-top-section elementor-element elementor-element-ad8dd79 half_img_sec elementor-section-boxed elementor-section-height-default elementor-section-height-default\" data-id=\"ad8dd79\" data-element_type=\"section\" data-settings=\"{&quot;background_background&quot;:&quot;classic&quot;}\">\n\t\t\t\t\t\t<div class=\"elementor-container elementor-column-gap-no\">\n\t\t\t\t\t<div class=\"elementor-column elementor-col-100 elementor-top-column elementor-element elementor-element-0190cab\" data-id=\"0190cab\" data-element_type=\"column\">\n\t\t\t<div class=\"elementor-widget-wrap elementor-element-populated\">\n\t\t\t\t\t\t\t\t<section class=\"elementor-section elementor-inner-section elementor-element elementor-element-89b8818 elementor-section-full_width elementor-section-content-middle elementor-section-height-default elementor-section-height-default\" data-id=\"89b8818\" data-element_type=\"section\">\n\t\t\t\t\t\t<div class=\"elementor-container elementor-column-gap-default\">\n\t\t\t\t\t<div class=\"elementor-column elementor-col-33 elementor-inner-column elementor-element elementor-element-6bc14de\" data-id=\"6bc14de\" data-element_type=\"column\" data-settings=\"{&quot;background_background&quot;:&quot;classic&quot;}\">\n\t\t\t<div class=\"elementor-widget-wrap elementor-element-populated\">\n\t\t\t\t\t\t\t\t<div class=\"elementor-element elementor-element-87e5447 elementor-widget elementor-widget-heading\" data-id=\"87e5447\" data-element_type=\"widget\" data-widget_type=\"heading.default\">\n\t\t\t\t<div class=\"elementor-widget-container\">\n\t\t\t<h2 class=\"elementor-heading-title elementor-size-default\">Poursuivant une tradition d\u2019excellence<\/h2>\t\t<\/div>\n\t\t\t\t<\/div>\n\t\t\t\t<div class=\"elementor-element elementor-element-395ebf7 elementor-widget elementor-widget-text-editor\" data-id=\"395ebf7\" data-element_type=\"widget\" data-widget_type=\"text-editor.default\">\n\t\t\t\t<div class=\"elementor-widget-container\">\n\t\t\t<style>\/*! elementor - v3.7.8 - 02-10-2022 *\/\n.elementor-widget-text-editor.elementor-drop-cap-view-stacked .elementor-drop-cap{background-color:#818a91;color:#fff}.elementor-widget-text-editor.elementor-drop-cap-view-framed .elementor-drop-cap{color:#818a91;border:3px solid;background-color:transparent}.elementor-widget-text-editor:not(.elementor-drop-cap-view-default) .elementor-drop-cap{margin-top:8px}.elementor-widget-text-editor:not(.elementor-drop-cap-view-default) .elementor-drop-cap-letter{width:1em;height:1em}.elementor-widget-text-editor .elementor-drop-cap{float:left;text-align:center;line-height:1;font-size:50px}.elementor-widget-text-editor .elementor-drop-cap-letter{display:inline-block}<\/style>\t\t\t\tLes Produits V\u00e9t\u00e9rinaires Dechra se sont associ\u00e9s \u00e0 Kane Biotech pour introduire la ligne de Vetradent<sup>TM<\/sup> aux v\u00e9t\u00e9rinaires et aux propri\u00e9taires d&rsquo;animaux d\u2019Am\u00e9rique du Nord.\t\t\t\t\t\t<\/div>\n\t\t\t\t<\/div>\n\t\t\t\t<div class=\"elementor-element elementor-element-a999d29 elementor-widget elementor-widget-text-editor\" data-id=\"a999d29\" data-element_type=\"widget\" data-widget_type=\"text-editor.default\">\n\t\t\t\t<div class=\"elementor-widget-container\">\n\t\t\t\t\t\t\tTout cela s&rsquo;ajoute \u00e0 l\u2019historique d\u2019engagement de Dechra \u00e0 l\u2019industrie en sant\u00e9 animale datant depuis 1819.\t\t\t\t\t\t<\/div>\n\t\t\t\t<\/div>\n\t\t\t\t\t<\/div>\n\t\t<\/div>\n\t\t\t\t<div class=\"elementor-column elementor-col-33 elementor-inner-column elementor-element elementor-element-04d18b6 elementor-hidden-tablet elementor-hidden-mobile\" data-id=\"04d18b6\" data-element_type=\"column\">\n\t\t\t<div class=\"elementor-widget-wrap elementor-element-populated\">\n\t\t\t\t\t\t\t\t<div class=\"elementor-element elementor-element-268c8c3 elementor-widget elementor-widget-image\" data-id=\"268c8c3\" data-element_type=\"widget\" data-widget_type=\"image.default\">\n\t\t\t\t<div class=\"elementor-widget-container\">\n\t\t\t<style>\/*! elementor - v3.7.8 - 02-10-2022 *\/\n.elementor-widget-image{text-align:center}.elementor-widget-image a{display:inline-block}.elementor-widget-image a img[src$=\".svg\"]{width:48px}.elementor-widget-image img{vertical-align:middle;display:inline-block}<\/style>\t\t\t\t\t\t\t\t\t\t\t\t<img width=\"1920\" height=\"1080\" src=\"https:\/\/vetradent.ca\/wp-content\/uploads\/2022\/07\/blank.png\" class=\"attachment-full size-full\" alt=\"\" loading=\"lazy\" srcset=\"https:\/\/vetradent.ca\/wp-content\/uploads\/2022\/07\/blank.png 1920w, https:\/\/vetradent.ca\/wp-content\/uploads\/2022\/07\/blank-300x169.png 300w, https:\/\/vetradent.ca\/wp-content\/uploads\/2022\/07\/blank-1024x576.png 1024w, https:\/\/vetradent.ca\/wp-content\/uploads\/2022\/07\/blank-768x432.png 768w, https:\/\/vetradent.ca\/wp-content\/uploads\/2022\/07\/blank-1536x864.png 1536w\" sizes=\"(max-width: 1920px) 100vw, 1920px\" \/>\t\t\t\t\t\t\t\t\t\t\t\t\t\t\t<\/div>\n\t\t\t\t<\/div>\n\t\t\t\t\t<\/div>\n\t\t<\/div>\n\t\t\t\t<div class=\"elementor-column elementor-col-33 elementor-inner-column elementor-element elementor-element-07f6a3e\" data-id=\"07f6a3e\" data-element_type=\"column\">\n\t\t\t<div class=\"elementor-widget-wrap elementor-element-populated\">\n\t\t\t\t\t\t\t\t<div class=\"elementor-element elementor-element-84cdd94 elementor-widget elementor-widget-image\" data-id=\"84cdd94\" data-element_type=\"widget\" data-widget_type=\"image.default\">\n\t\t\t\t<div class=\"elementor-widget-container\">\n\t\t\t\t\t\t\t\t\t\t\t\t\t\t\t<img width=\"1920\" height=\"1080\" src=\"https:\/\/vetradent.ca\/wp-content\/uploads\/2022\/07\/blank.png\" class=\"attachment-full size-full\" alt=\"\" loading=\"lazy\" srcset=\"https:\/\/vetradent.ca\/wp-content\/uploads\/2022\/07\/blank.png 1920w, https:\/\/vetradent.ca\/wp-content\/uploads\/2022\/07\/blank-300x169.png 300w, https:\/\/vetradent.ca\/wp-content\/uploads\/2022\/07\/blank-1024x576.png 1024w, https:\/\/vetradent.ca\/wp-content\/uploads\/2022\/07\/blank-768x432.png 768w, https:\/\/vetradent.ca\/wp-content\/uploads\/2022\/07\/blank-1536x864.png 1536w\" sizes=\"(max-width: 1920px) 100vw, 1920px\" \/>\t\t\t\t\t\t\t\t\t\t\t\t\t\t\t<\/div>\n\t\t\t\t<\/div>\n\t\t\t\t\t<\/div>\n\t\t<\/div>\n\t\t\t\t\t\t\t<\/div>\n\t\t<\/section>\n\t\t\t\t\t<\/div>\n\t\t<\/div>\n\t\t\t\t\t\t\t<\/div>\n\t\t<\/section>\n\t\t\t\t<section class=\"elementor-section elementor-top-section elementor-element elementor-element-0c98e95 elementor-section-stretched elementor-section-boxed elementor-section-height-default elementor-section-height-default\" data-id=\"0c98e95\" data-element_type=\"section\" data-settings=\"{&quot;background_background&quot;:&quot;classic&quot;,&quot;stretch_section&quot;:&quot;section-stretched&quot;}\">\n\t\t\t\t\t\t<div class=\"elementor-container elementor-column-gap-default\">\n\t\t\t\t\t<div class=\"elementor-column elementor-col-100 elementor-top-column elementor-element elementor-element-2c172d7\" data-id=\"2c172d7\" data-element_type=\"column\">\n\t\t\t<div class=\"elementor-widget-wrap elementor-element-populated\">\n\t\t\t\t\t\t\t\t<div class=\"elementor-element elementor-element-c8cc53c elementor-widget elementor-widget-heading\" data-id=\"c8cc53c\" data-element_type=\"widget\" data-widget_type=\"heading.default\">\n\t\t\t\t<div class=\"elementor-widget-container\">\n\t\t\t<h2 class=\"elementor-heading-title elementor-size-default\">DECHRA<\/h2>\t\t<\/div>\n\t\t\t\t<\/div>\n\t\t\t\t<div class=\"elementor-element elementor-element-c7e82fe elementor-widget elementor-widget-text-editor\" data-id=\"c7e82fe\" data-element_type=\"widget\" data-widget_type=\"text-editor.default\">\n\t\t\t\t<div class=\"elementor-widget-container\">\n\t\t\t\t\t\t\tNous sommes une compagnie internationale sp\u00e9cialis\u00e9e en produits pharmaceutiques v\u00e9t\u00e9rinaires et produits connexes. Notre expertise est dans le d\u00e9veloppement, la fabrication, la vente et la commercialisation de produits de haute qualit\u00e9 exclusivement pour les v\u00e9t\u00e9rinaires \u00e0 travers le monde.\t\t\t\t\t\t<\/div>\n\t\t\t\t<\/div>\n\t\t\t\t<div class=\"elementor-element elementor-element-d8dbb04 elementor-widget elementor-widget-heading\" data-id=\"d8dbb04\" data-element_type=\"widget\" data-widget_type=\"heading.default\">\n\t\t\t\t<div class=\"elementor-widget-container\">\n\t\t\t<h2 class=\"elementor-heading-title elementor-size-default\">HISTORIQUE<\/h2>\t\t<\/div>\n\t\t\t\t<\/div>\n\t\t\t\t<div class=\"elementor-element elementor-element-0955e94 elementor-widget elementor-widget-text-editor\" data-id=\"0955e94\" data-element_type=\"widget\" data-widget_type=\"text-editor.default\">\n\t\t\t\t<div class=\"elementor-widget-container\">\n\t\t\t\t\t\t\tDechra a un long historique sur le march\u00e9 de sant\u00e9 v\u00e9t\u00e9rinaire datant de 1819, lorsque la compagnie a \u00e9t\u00e9 \u00e9tablie sous le nom d\u2019Arnolds &amp; Son, fabriquant, \u00e0 l&rsquo;origine, des membres artificiels. C\u2019est durant la guerre de Crim\u00e9e que l&rsquo;entreprise a port\u00e9 son attention sur la m\u00e9decine v\u00e9t\u00e9rinaire.\n\t\t\t\t\t\t<\/div>\n\t\t\t\t<\/div>\n\t\t\t\t<div class=\"elementor-element elementor-element-d9cb589 elementor-align-right elementor-mobile-align-center elementor-widget elementor-widget-button\" data-id=\"d9cb589\" data-element_type=\"widget\" data-widget_type=\"button.default\">\n\t\t\t\t<div class=\"elementor-widget-container\">\n\t\t\t\t\t<div class=\"elementor-button-wrapper\">\n\t\t\t<a href=\"https:\/\/fr.dechra.ca\/?geo=CA\" target=\"_blank\" class=\"elementor-button-link elementor-button elementor-size-lg elementor-animation-float\" role=\"button\">\n\t\t\t\t\t\t<span class=\"elementor-button-content-wrapper\">\n\t\t\t\t\t\t<span class=\"elementor-button-text\">VISITEZ LE SITE DECHRA<\/span>\n\t\t<\/span>\n\t\t\t\t\t<\/a>\n\t\t<\/div>\n\t\t\t\t<\/div>\n\t\t\t\t<\/div>\n\t\t\t\t\t<\/div>\n\t\t<\/div>\n\t\t\t\t\t\t\t<\/div>\n\t\t<\/section>\n\t\t\t\t\t\t\t<\/div>\n\t\t","protected":false},"excerpt":{"rendered":"<p>\u00c0 PROPOS Poursuivant une tradition d\u2019excellence Les Produits V\u00e9t\u00e9rinaires Dechra se sont associ\u00e9s \u00e0 Kane Biotech pour introduire la ligne de VetradentTM aux v\u00e9t\u00e9rinaires et aux propri\u00e9taires d&rsquo;animaux d\u2019Am\u00e9rique du Nord.Tout cela s&rsquo;ajoute \u00e0 l\u2019historique d\u2019engagement de Dechra \u00e0 l\u2019industrie en sant\u00e9 animale datant depuis 1819. DECHRA Nous sommes une compagnie internationale sp\u00e9cialis\u00e9e en produits [&hellip;]<\/p>\n","protected":false},"author":1,"featured_media":0,"parent":0,"menu_order":0,"comment_status":"closed","ping_status":"closed","template":"elementor_header_footer","meta":[],"_links":{"self":[{"href":"https:\/\/vetradent.ca\/fr\/wp-json\/wp\/v2\/pages\/1972"}],"collection":[{"href":"https:\/\/vetradent.ca\/fr\/wp-json\/wp\/v2\/pages"}],"about":[{"href":"https:\/\/vetradent.ca\/fr\/wp-json\/wp\/v2\/types\/page"}],"author":[{"embeddable":true,"href":"https:\/\/vetradent.ca\/fr\/wp-json\/wp\/v2\/users\/1"}],"replies":[{"embeddable":true,"href":"https:\/\/vetradent.ca\/fr\/wp-json\/wp\/v2\/comments?post=1972"}],"version-history":[{"count":14,"href":"https:\/\/vetradent.ca\/fr\/wp-json\/wp\/v2\/pages\/1972\/revisions"}],"predecessor-version":[{"id":2257,"href":"https:\/\/vetradent.ca\/fr\/wp-json\/wp\/v2\/pages\/1972\/revisions\/2257"}],"wp:attachment":[{"href":"https:\/\/vetradent.ca\/fr\/wp-json\/wp\/v2\/media?parent=1972"}],"curies":[{"name":"wp","href":"https:\/\/api.w.org\/{rel}","templated":true}]}}