{"id":1898,"date":"2022-08-09T10:13:11","date_gmt":"2022-08-09T10:13:11","guid":{"rendered":"https:\/\/dev-vetradent.pantheonsite.io\/?page_id=1898"},"modified":"2022-10-28T05:30:11","modified_gmt":"2022-10-28T05:30:11","slug":"comment-cela-fonctionne","status":"publish","type":"page","link":"https:\/\/vetradent.ca\/fr\/comment-cela-fonctionne\/","title":{"rendered":"Comment Cela Fonctionne"},"content":{"rendered":"\t\t<div data-elementor-type=\"wp-page\" data-elementor-id=\"1898\" class=\"elementor elementor-1898\">\n\t\t\t\t\t\t\t\t\t<section class=\"elementor-section elementor-top-section elementor-element elementor-element-306e19b2 elementor-section-stretched elementor-section-boxed elementor-section-height-default elementor-section-height-default\" data-id=\"306e19b2\" data-element_type=\"section\" data-settings=\"{&quot;stretch_section&quot;:&quot;section-stretched&quot;,&quot;background_background&quot;:&quot;gradient&quot;}\">\n\t\t\t\t\t\t<div class=\"elementor-container elementor-column-gap-default\">\n\t\t\t\t\t<div class=\"elementor-column elementor-col-50 elementor-top-column elementor-element elementor-element-1b5621a1\" data-id=\"1b5621a1\" data-element_type=\"column\">\n\t\t\t<div class=\"elementor-widget-wrap elementor-element-populated\">\n\t\t\t\t\t\t\t\t<section class=\"elementor-section elementor-inner-section elementor-element elementor-element-af968fe elementor-section-boxed elementor-section-height-default elementor-section-height-default\" data-id=\"af968fe\" data-element_type=\"section\">\n\t\t\t\t\t\t<div class=\"elementor-container elementor-column-gap-no\">\n\t\t\t\t\t<div class=\"elementor-column elementor-col-100 elementor-inner-column elementor-element elementor-element-cf97435\" data-id=\"cf97435\" data-element_type=\"column\">\n\t\t\t<div class=\"elementor-widget-wrap elementor-element-populated\">\n\t\t\t\t\t\t\t\t<div class=\"elementor-element elementor-element-409b2b4 elementor-widget elementor-widget-heading\" data-id=\"409b2b4\" data-element_type=\"widget\" data-widget_type=\"heading.default\">\n\t\t\t\t<div class=\"elementor-widget-container\">\n\t\t\t<style>\/*! elementor - v3.7.8 - 02-10-2022 *\/\n.elementor-heading-title{padding:0;margin:0;line-height:1}.elementor-widget-heading .elementor-heading-title[class*=elementor-size-]>a{color:inherit;font-size:inherit;line-height:inherit}.elementor-widget-heading .elementor-heading-title.elementor-size-small{font-size:15px}.elementor-widget-heading .elementor-heading-title.elementor-size-medium{font-size:19px}.elementor-widget-heading .elementor-heading-title.elementor-size-large{font-size:29px}.elementor-widget-heading .elementor-heading-title.elementor-size-xl{font-size:39px}.elementor-widget-heading .elementor-heading-title.elementor-size-xxl{font-size:59px}<\/style><h2 class=\"elementor-heading-title elementor-size-default\">Comment cela fonctionne<\/h2>\t\t<\/div>\n\t\t\t\t<\/div>\n\t\t\t\t\t<\/div>\n\t\t<\/div>\n\t\t\t\t\t\t\t<\/div>\n\t\t<\/section>\n\t\t\t\t\t<\/div>\n\t\t<\/div>\n\t\t\t\t<div class=\"elementor-column elementor-col-50 elementor-top-column elementor-element elementor-element-42f8724\" data-id=\"42f8724\" data-element_type=\"column\" data-settings=\"{&quot;background_background&quot;:&quot;classic&quot;}\">\n\t\t\t<div class=\"elementor-widget-wrap\">\n\t\t\t\t\t\t\t\t\t<\/div>\n\t\t<\/div>\n\t\t\t\t\t\t\t<\/div>\n\t\t<\/section>\n\t\t\t\t<section class=\"elementor-section elementor-top-section elementor-element elementor-element-7680ba8 elementor-section-stretched elementor-section-boxed elementor-section-height-default elementor-section-height-default\" data-id=\"7680ba8\" data-element_type=\"section\" data-settings=\"{&quot;background_background&quot;:&quot;classic&quot;,&quot;stretch_section&quot;:&quot;section-stretched&quot;}\">\n\t\t\t\t\t\t<div class=\"elementor-container elementor-column-gap-default\">\n\t\t\t\t\t<div class=\"elementor-column elementor-col-100 elementor-top-column elementor-element elementor-element-b4dad49\" data-id=\"b4dad49\" data-element_type=\"column\">\n\t\t\t<div class=\"elementor-widget-wrap elementor-element-populated\">\n\t\t\t\t\t\t\t\t<div class=\"elementor-element elementor-element-7e2d1d7 elementor-widget elementor-widget-heading\" data-id=\"7e2d1d7\" data-element_type=\"widget\" data-widget_type=\"heading.default\">\n\t\t\t\t<div class=\"elementor-widget-container\">\n\t\t\t<h2 class=\"elementor-heading-title elementor-size-default\">La technologie Biotrate<sup>TM <\/sup> \n<\/h2>\t\t<\/div>\n\t\t\t\t<\/div>\n\t\t\t\t<div class=\"elementor-element elementor-element-bc1910b elementor-widget elementor-widget-text-editor\" data-id=\"bc1910b\" data-element_type=\"widget\" data-widget_type=\"text-editor.default\">\n\t\t\t\t<div class=\"elementor-widget-container\">\n\t\t\t<style>\/*! elementor - v3.7.8 - 02-10-2022 *\/\n.elementor-widget-text-editor.elementor-drop-cap-view-stacked .elementor-drop-cap{background-color:#818a91;color:#fff}.elementor-widget-text-editor.elementor-drop-cap-view-framed .elementor-drop-cap{color:#818a91;border:3px solid;background-color:transparent}.elementor-widget-text-editor:not(.elementor-drop-cap-view-default) .elementor-drop-cap{margin-top:8px}.elementor-widget-text-editor:not(.elementor-drop-cap-view-default) .elementor-drop-cap-letter{width:1em;height:1em}.elementor-widget-text-editor .elementor-drop-cap{float:left;text-align:center;line-height:1;font-size:50px}.elementor-widget-text-editor .elementor-drop-cap-letter{display:inline-block}<\/style>\t\t\t\tVetradent<sup>TM<\/sup> est unique parce qu&rsquo;il agit contre les bact\u00e9ries buccales associ\u00e9es \u00e0 l\u2019environnement, en le modifiant. Il passe au travers du biofilm dentaire rendant les bact\u00e9ries inaccessibles, expos\u00e9es pour \u00e9radication.\t\t\t\t\t\t<\/div>\n\t\t\t\t<\/div>\n\t\t\t\t<div class=\"elementor-element elementor-element-9a7cc20 elementor-aspect-ratio-169 elementor-widget elementor-widget-video\" data-id=\"9a7cc20\" data-element_type=\"widget\" data-settings=\"{&quot;video_type&quot;:&quot;hosted&quot;,&quot;loop&quot;:&quot;yes&quot;,&quot;controls&quot;:&quot;yes&quot;,&quot;aspect_ratio&quot;:&quot;169&quot;}\" data-widget_type=\"video.default\">\n\t\t\t\t<div class=\"elementor-widget-container\">\n\t\t\t<style>\/*! elementor - v3.7.8 - 02-10-2022 *\/\n.elementor-widget-video .elementor-widget-container{overflow:hidden;-webkit-transform:translateZ(0);transform:translateZ(0)}.elementor-widget-video .elementor-open-inline .elementor-custom-embed-image-overlay{position:absolute;top:0;left:0;width:100%;height:100%;background-size:cover;background-position:50%}.elementor-widget-video .elementor-custom-embed-image-overlay{cursor:pointer;text-align:center}.elementor-widget-video .elementor-custom-embed-image-overlay:hover .elementor-custom-embed-play i{opacity:1}.elementor-widget-video .elementor-custom-embed-image-overlay img{display:block;width:100%}.elementor-widget-video .e-hosted-video .elementor-video{-o-object-fit:cover;object-fit:cover}.e-container>.elementor-widget-video{width:var(--container-widget-width,100%)}<\/style>\t\t<div class=\"e-hosted-video elementor-wrapper elementor-fit-aspect-ratio elementor-open-inline\">\n\t\t\t\t\t<video class=\"elementor-video\" src=\"https:\/\/vetradent.ca\/wp-content\/uploads\/2022\/10\/biotrate-technology-fr.mp4\" loop=\"\" controls=\"\" controlsList=\"nodownload\"><\/video>\n\t\t\t\t<\/div>\n\t\t\t\t<\/div>\n\t\t\t\t<\/div>\n\t\t\t\t\t<\/div>\n\t\t<\/div>\n\t\t\t\t\t\t\t<\/div>\n\t\t<\/section>\n\t\t\t\t<section class=\"elementor-section elementor-top-section elementor-element elementor-element-b19a62c elementor-section-stretched elementor-section-boxed elementor-section-height-default elementor-section-height-default\" data-id=\"b19a62c\" data-element_type=\"section\" data-settings=\"{&quot;stretch_section&quot;:&quot;section-stretched&quot;}\">\n\t\t\t\t\t\t<div class=\"elementor-container elementor-column-gap-default\">\n\t\t\t\t\t<div class=\"elementor-column elementor-col-100 elementor-top-column elementor-element elementor-element-2b55c0d\" data-id=\"2b55c0d\" data-element_type=\"column\">\n\t\t\t<div class=\"elementor-widget-wrap elementor-element-populated\">\n\t\t\t\t\t\t\t\t<div class=\"elementor-element elementor-element-65dbdbf elementor-widget elementor-widget-heading\" data-id=\"65dbdbf\" data-element_type=\"widget\" data-widget_type=\"heading.default\">\n\t\t\t\t<div class=\"elementor-widget-container\">\n\t\t\t<h2 class=\"elementor-heading-title elementor-size-default\">EFFICACIT\u00c9 ET S\u00c9CURIT\u00c9 D\u00c9MONTR\u00c9ES<\/h2>\t\t<\/div>\n\t\t\t\t<\/div>\n\t\t\t\t\t<\/div>\n\t\t<\/div>\n\t\t\t\t\t\t\t<\/div>\n\t\t<\/section>\n\t\t\t\t<section class=\"elementor-section elementor-top-section elementor-element elementor-element-3378215 elementor-section-boxed elementor-section-height-default elementor-section-height-default\" data-id=\"3378215\" data-element_type=\"section\">\n\t\t\t\t\t\t<div class=\"elementor-container elementor-column-gap-wider\">\n\t\t\t\t\t<div class=\"elementor-column elementor-col-50 elementor-top-column elementor-element elementor-element-ca3fc09\" data-id=\"ca3fc09\" data-element_type=\"column\">\n\t\t\t<div class=\"elementor-widget-wrap elementor-element-populated\">\n\t\t\t\t\t\t\t\t<div class=\"elementor-element elementor-element-fd782c3 elementor-widget elementor-widget-image\" data-id=\"fd782c3\" data-element_type=\"widget\" data-widget_type=\"image.default\">\n\t\t\t\t<div class=\"elementor-widget-container\">\n\t\t\t<style>\/*! elementor - v3.7.8 - 02-10-2022 *\/\n.elementor-widget-image{text-align:center}.elementor-widget-image a{display:inline-block}.elementor-widget-image a img[src$=\".svg\"]{width:48px}.elementor-widget-image img{vertical-align:middle;display:inline-block}<\/style>\t\t\t\t\t\t\t\t\t\t\t\t<img width=\"1000\" height=\"1785\" src=\"https:\/\/vetradent.ca\/wp-content\/uploads\/2022\/07\/EFFICACY.jpg\" class=\"attachment-full size-full\" alt=\"\" loading=\"lazy\" srcset=\"https:\/\/vetradent.ca\/wp-content\/uploads\/2022\/07\/EFFICACY.jpg 1000w, https:\/\/vetradent.ca\/wp-content\/uploads\/2022\/07\/EFFICACY-168x300.jpg 168w, https:\/\/vetradent.ca\/wp-content\/uploads\/2022\/07\/EFFICACY-574x1024.jpg 574w, https:\/\/vetradent.ca\/wp-content\/uploads\/2022\/07\/EFFICACY-768x1371.jpg 768w, https:\/\/vetradent.ca\/wp-content\/uploads\/2022\/07\/EFFICACY-861x1536.jpg 861w\" sizes=\"(max-width: 1000px) 100vw, 1000px\" \/>\t\t\t\t\t\t\t\t\t\t\t\t\t\t\t<\/div>\n\t\t\t\t<\/div>\n\t\t\t\t\t<\/div>\n\t\t<\/div>\n\t\t\t\t<div class=\"elementor-column elementor-col-50 elementor-top-column elementor-element elementor-element-c0c4311\" data-id=\"c0c4311\" data-element_type=\"column\">\n\t\t\t<div class=\"elementor-widget-wrap elementor-element-populated\">\n\t\t\t\t\t\t\t\t<div class=\"elementor-element elementor-element-f172bcc elementor-widget elementor-widget-heading\" data-id=\"f172bcc\" data-element_type=\"widget\" data-widget_type=\"heading.default\">\n\t\t\t\t<div class=\"elementor-widget-container\">\n\t\t\t<h2 class=\"elementor-heading-title elementor-size-default\">EFFICACIT\u00c9<\/h2>\t\t<\/div>\n\t\t\t\t<\/div>\n\t\t\t\t<div class=\"elementor-element elementor-element-7b6a109 elementor-widget elementor-widget-text-editor\" data-id=\"7b6a109\" data-element_type=\"widget\" data-widget_type=\"text-editor.default\">\n\t\t\t\t<div class=\"elementor-widget-container\">\n\t\t\t\t\t\t\tSoixante chiens beagles en sant\u00e9 ont particip\u00e9 \u00e0 une \u00e9tude contr\u00f4l\u00e9e sur \u00e9chantillon al\u00e9atoire selon les bonnes pratiques cliniques (BPC). Trente chiens ont re\u00e7u de l\u2019eau potable trait\u00e9e avec Vetradent<sup>TM<\/sup> et trente chiens ont re\u00e7u de l\u2019eau sans Vetradent<sup>TM<\/sup> (groupe t\u00e9moin). Au d\u00e9but de l\u2019\u00e9tude, les dents de tous les chiens ont \u00e9t\u00e9 nettoy\u00e9es. Au jour 0, le tartre de chacun des chiens a \u00e9t\u00e9 \u00e9valu\u00e9 selon le grade. Les chiens ont par la suite commenc\u00e9 \u00e0 boire l\u2019eau trait\u00e9e avec Vetradent<sup>TM<\/sup> ajout\u00e9 \u00e0 la dose recommand\u00e9e pendant 84 jours. Le tartre a \u00e9t\u00e9 cot\u00e9 aux jours 28, 56 et 84. Pour la dur\u00e9e de l\u2019\u00e9tude l\u2019indice de tartre attribu\u00e9 aux chiens trait\u00e9s avec Vetradent<sup>TM<\/sup> \u00e9tait inf\u00e9rieur \u00e0 celui attribu\u00e9 au groupe t\u00e9moin.\t\t\t\t\t\t<\/div>\n\t\t\t\t<\/div>\n\t\t\t\t<section class=\"elementor-section elementor-inner-section elementor-element elementor-element-c1714c5 elementor-section-boxed elementor-section-height-default elementor-section-height-default\" data-id=\"c1714c5\" data-element_type=\"section\">\n\t\t\t\t\t\t<div class=\"elementor-container elementor-column-gap-default\">\n\t\t\t\t\t<div class=\"elementor-column elementor-col-50 elementor-inner-column elementor-element elementor-element-d5a5457\" data-id=\"d5a5457\" data-element_type=\"column\">\n\t\t\t<div class=\"elementor-widget-wrap elementor-element-populated\">\n\t\t\t\t\t\t\t\t<div class=\"elementor-element elementor-element-922ab9f elementor-widget elementor-widget-image\" data-id=\"922ab9f\" data-element_type=\"widget\" data-widget_type=\"image.default\">\n\t\t\t\t<div class=\"elementor-widget-container\">\n\t\t\t\t\t\t\t\t\t\t\t\t\t\t\t<img width=\"250\" height=\"334\" src=\"https:\/\/vetradent.ca\/wp-content\/uploads\/2022\/08\/result-fr.jpg\" class=\"attachment-full size-full\" alt=\"\" loading=\"lazy\" srcset=\"https:\/\/vetradent.ca\/wp-content\/uploads\/2022\/08\/result-fr.jpg 250w, https:\/\/vetradent.ca\/wp-content\/uploads\/2022\/08\/result-fr-225x300.jpg 225w\" sizes=\"(max-width: 250px) 100vw, 250px\" \/>\t\t\t\t\t\t\t\t\t\t\t\t\t\t\t<\/div>\n\t\t\t\t<\/div>\n\t\t\t\t\t<\/div>\n\t\t<\/div>\n\t\t\t\t<div class=\"elementor-column elementor-col-50 elementor-inner-column elementor-element elementor-element-5e09929\" data-id=\"5e09929\" data-element_type=\"column\">\n\t\t\t<div class=\"elementor-widget-wrap elementor-element-populated\">\n\t\t\t\t\t\t\t\t<div class=\"elementor-element elementor-element-a2f6f5a elementor-widget elementor-widget-heading\" data-id=\"a2f6f5a\" data-element_type=\"widget\" data-widget_type=\"heading.default\">\n\t\t\t\t<div class=\"elementor-widget-container\">\n\t\t\t<h2 class=\"elementor-heading-title elementor-size-default\">R\u00c9SULTATS\n<\/h2>\t\t<\/div>\n\t\t\t\t<\/div>\n\t\t\t\t<div class=\"elementor-element elementor-element-951b8be elementor-widget elementor-widget-text-editor\" data-id=\"951b8be\" data-element_type=\"widget\" data-widget_type=\"text-editor.default\">\n\t\t\t\t<div class=\"elementor-widget-container\">\n\t\t\t\t\t\t\tL\u2019indice de tartre attribu\u00e9 aux chiens trait\u00e9s avec Vetradent<sup>TM<\/sup> \u00e9tait 25,4% inf\u00e9rieur \u00e0 celui attribu\u00e9 au groupe t\u00e9moin. La diff\u00e9rence entre les deux groupes \u00e9tait significative (p&lt;0,03). L\u2019\u00e9tude a d\u00e9montr\u00e9 que Vetradent<sup>TM<\/sup> est efficace pour pr\u00e9venir le tartre chez les chiens.\t\t\t\t\t\t<\/div>\n\t\t\t\t<\/div>\n\t\t\t\t\t<\/div>\n\t\t<\/div>\n\t\t\t\t\t\t\t<\/div>\n\t\t<\/section>\n\t\t\t\t\t<\/div>\n\t\t<\/div>\n\t\t\t\t\t\t\t<\/div>\n\t\t<\/section>\n\t\t\t\t<section class=\"elementor-section elementor-top-section elementor-element elementor-element-88f9b08 elementor-section-stretched elementor-section-boxed elementor-section-height-default elementor-section-height-default\" data-id=\"88f9b08\" data-element_type=\"section\" data-settings=\"{&quot;stretch_section&quot;:&quot;section-stretched&quot;,&quot;background_background&quot;:&quot;classic&quot;}\">\n\t\t\t\t\t\t<div class=\"elementor-container elementor-column-gap-wider\">\n\t\t\t\t\t<div class=\"elementor-column elementor-col-50 elementor-top-column elementor-element elementor-element-e2e9752\" data-id=\"e2e9752\" data-element_type=\"column\">\n\t\t\t<div class=\"elementor-widget-wrap elementor-element-populated\">\n\t\t\t\t\t\t\t\t<div class=\"elementor-element elementor-element-c72658c elementor-widget elementor-widget-image\" data-id=\"c72658c\" data-element_type=\"widget\" data-widget_type=\"image.default\">\n\t\t\t\t<div class=\"elementor-widget-container\">\n\t\t\t\t\t\t\t\t\t\t\t\t\t\t\t<img width=\"373\" height=\"536\" src=\"https:\/\/vetradent.ca\/wp-content\/uploads\/2022\/08\/Safety.jpg\" class=\"attachment-full size-full\" alt=\"\" loading=\"lazy\" srcset=\"https:\/\/vetradent.ca\/wp-content\/uploads\/2022\/08\/Safety.jpg 373w, https:\/\/vetradent.ca\/wp-content\/uploads\/2022\/08\/Safety-209x300.jpg 209w\" sizes=\"(max-width: 373px) 100vw, 373px\" \/>\t\t\t\t\t\t\t\t\t\t\t\t\t\t\t<\/div>\n\t\t\t\t<\/div>\n\t\t\t\t\t<\/div>\n\t\t<\/div>\n\t\t\t\t<div class=\"elementor-column elementor-col-50 elementor-top-column elementor-element elementor-element-d5a4b8a\" data-id=\"d5a4b8a\" data-element_type=\"column\">\n\t\t\t<div class=\"elementor-widget-wrap elementor-element-populated\">\n\t\t\t\t\t\t\t\t<div class=\"elementor-element elementor-element-d68e5cc elementor-widget elementor-widget-heading\" data-id=\"d68e5cc\" data-element_type=\"widget\" data-widget_type=\"heading.default\">\n\t\t\t\t<div class=\"elementor-widget-container\">\n\t\t\t<h2 class=\"elementor-heading-title elementor-size-default\">INNOCUIT\u00c9<\/h2>\t\t<\/div>\n\t\t\t\t<\/div>\n\t\t\t\t<div class=\"elementor-element elementor-element-1ef2ae3 elementor-widget elementor-widget-text-editor\" data-id=\"1ef2ae3\" data-element_type=\"widget\" data-widget_type=\"text-editor.default\">\n\t\t\t\t<div class=\"elementor-widget-container\">\n\t\t\t\t\t\t\tAfin de d\u00e9terminer l\u2019innocuit\u00e9 de l\u2019additif pour l\u2019eau Vetradent<sup>TM<\/sup> chez les chiens, une \u00e9tude sur \u00e9chantillon al\u00e9atoire en conditions contr\u00f4l\u00e9es a \u00e9t\u00e9 r\u00e9alis\u00e9e selon les bonnes pratiques scientifiques. L\u2019\u00e9tude, d\u2019une dur\u00e9e de 30 jours, comportait un groupe t\u00e9moin et deux groupes de traitement recevant une fois et cinq fois la dose recommand\u00e9e de Vetradent<sup>TM<\/sup>.\t\t\t\t\t\t<\/div>\n\t\t\t\t<\/div>\n\t\t\t\t<div class=\"elementor-element elementor-element-69d86de elementor-widget elementor-widget-text-editor\" data-id=\"69d86de\" data-element_type=\"widget\" data-widget_type=\"text-editor.default\">\n\t\t\t\t<div class=\"elementor-widget-container\">\n\t\t\t\t\t\t\tDes observations cliniques, des \u00e9valuations buccales, des mesures de poids corporel et des analyses de pathologie cliniques ont \u00e9t\u00e9 r\u00e9alis\u00e9es au cours de l\u2019\u00e9tude. La consommation alimentaire, l\u2019apparence g\u00e9n\u00e9rale et les f\u00e8ces des chiens ont fait l\u2019objet d\u2019observations quotidiennes. Des mesures de poids corporel ont \u00e9t\u00e9 prises aux deux semaines et des pr\u00e9l\u00e8vements pour analyses sanguines, \u00e9preuves s\u00e9rologiques et \u00e9preuves de coagulation ont \u00e9t\u00e9 effectu\u00e9es aux jours 1, 14 et 29.\t\t\t\t\t\t<\/div>\n\t\t\t\t<\/div>\n\t\t\t\t<section class=\"elementor-section elementor-inner-section elementor-element elementor-element-7fa6956 elementor-section-boxed elementor-section-height-default elementor-section-height-default\" data-id=\"7fa6956\" data-element_type=\"section\">\n\t\t\t\t\t\t<div class=\"elementor-container elementor-column-gap-default\">\n\t\t\t\t\t<div class=\"elementor-column elementor-col-50 elementor-inner-column elementor-element elementor-element-d4c3a96\" data-id=\"d4c3a96\" data-element_type=\"column\">\n\t\t\t<div class=\"elementor-widget-wrap elementor-element-populated\">\n\t\t\t\t\t\t\t\t<div class=\"elementor-element elementor-element-0d811d4 elementor-widget elementor-widget-image\" data-id=\"0d811d4\" data-element_type=\"widget\" data-widget_type=\"image.default\">\n\t\t\t\t<div class=\"elementor-widget-container\">\n\t\t\t\t\t\t\t\t\t\t\t\t\t\t\t<img width=\"278\" height=\"278\" src=\"https:\/\/vetradent.ca\/wp-content\/uploads\/2022\/08\/RESULTATS.png\" class=\"attachment-full size-full\" alt=\"\" loading=\"lazy\" srcset=\"https:\/\/vetradent.ca\/wp-content\/uploads\/2022\/08\/RESULTATS.png 278w, https:\/\/vetradent.ca\/wp-content\/uploads\/2022\/08\/RESULTATS-150x150.png 150w\" sizes=\"(max-width: 278px) 100vw, 278px\" \/>\t\t\t\t\t\t\t\t\t\t\t\t\t\t\t<\/div>\n\t\t\t\t<\/div>\n\t\t\t\t\t<\/div>\n\t\t<\/div>\n\t\t\t\t<div class=\"elementor-column elementor-col-50 elementor-inner-column elementor-element elementor-element-f0968c5\" data-id=\"f0968c5\" data-element_type=\"column\">\n\t\t\t<div class=\"elementor-widget-wrap elementor-element-populated\">\n\t\t\t\t\t\t\t\t<div class=\"elementor-element elementor-element-d678f45 elementor-widget elementor-widget-heading\" data-id=\"d678f45\" data-element_type=\"widget\" data-widget_type=\"heading.default\">\n\t\t\t\t<div class=\"elementor-widget-container\">\n\t\t\t<h2 class=\"elementor-heading-title elementor-size-default\">R\u00c9SULTATS<\/h2>\t\t<\/div>\n\t\t\t\t<\/div>\n\t\t\t\t<div class=\"elementor-element elementor-element-afdaab1 elementor-widget elementor-widget-text-editor\" data-id=\"afdaab1\" data-element_type=\"widget\" data-widget_type=\"text-editor.default\">\n\t\t\t\t<div class=\"elementor-widget-container\">\n\t\t\t\t\t\t\tLes observations cliniques, l\u2019examen physique et l\u2019\u00e9valuation buccale n\u2019ont r\u00e9v\u00e9l\u00e9 aucun signe d\u2019effet ind\u00e9sirable associ\u00e9 \u00e0 la consommation de Vetradent<sup>TM<\/sup>. Cette \u00e9tude a montr\u00e9 l\u2019innocuit\u00e9 de l\u2019additif pour l\u2019eau Vetradent<sup>TM<\/sup> utilis\u00e9 \u00e0 une et cinq fois la dose recommand\u00e9e.\t\t\t\t\t\t<\/div>\n\t\t\t\t<\/div>\n\t\t\t\t\t<\/div>\n\t\t<\/div>\n\t\t\t\t\t\t\t<\/div>\n\t\t<\/section>\n\t\t\t\t\t<\/div>\n\t\t<\/div>\n\t\t\t\t\t\t\t<\/div>\n\t\t<\/section>\n\t\t\t\t<section class=\"elementor-section elementor-top-section elementor-element elementor-element-23a0454 elementor-section-stretched elementor-section-content-middle elementor-section-boxed elementor-section-height-default elementor-section-height-default\" data-id=\"23a0454\" data-element_type=\"section\" data-settings=\"{&quot;stretch_section&quot;:&quot;section-stretched&quot;}\">\n\t\t\t\t\t\t<div class=\"elementor-container elementor-column-gap-wider\">\n\t\t\t\t\t<div class=\"elementor-column elementor-col-66 elementor-top-column elementor-element elementor-element-d7b048d\" data-id=\"d7b048d\" data-element_type=\"column\">\n\t\t\t<div class=\"elementor-widget-wrap elementor-element-populated\">\n\t\t\t\t\t\t\t\t<div class=\"elementor-element elementor-element-d82e75b elementor-widget elementor-widget-heading\" data-id=\"d82e75b\" data-element_type=\"widget\" data-widget_type=\"heading.default\">\n\t\t\t\t<div class=\"elementor-widget-container\">\n\t\t\t<h2 class=\"elementor-heading-title elementor-size-default\">LRVHP<\/h2>\t\t<\/div>\n\t\t\t\t<\/div>\n\t\t\t\t<div class=\"elementor-element elementor-element-1af2cba elementor-widget elementor-widget-text-editor\" data-id=\"1af2cba\" data-element_type=\"widget\" data-widget_type=\"text-editor.default\">\n\t\t\t\t<div class=\"elementor-widget-container\">\n\t\t\t\t\t\t\tTous les produits Vetradent<sup>TM<\/sup> sont approuv\u00e9s en vertu du programme des produits v\u00e9t\u00e9rinaires de sant\u00e9 \u00e0 faible risque (PVSFR) de Sant\u00e9 Canada. Pour obtenir plus d\u2019information sur les substances admissibles figurant sur la liste des PVSFR. Les substances admissibles sont celles qui repr\u00e9sentent un faible risque quand elles sont utilis\u00e9es de fa\u00e7on appropri\u00e9e et Sant\u00e9 Canada estime qu\u2019il est peu probable qu\u2019elles puissent pr\u00e9senter un risque pour la sant\u00e9 des animaux.\t\t\t\t\t\t<\/div>\n\t\t\t\t<\/div>\n\t\t\t\t\t<\/div>\n\t\t<\/div>\n\t\t\t\t<div class=\"elementor-column elementor-col-33 elementor-top-column elementor-element elementor-element-c78ac26\" data-id=\"c78ac26\" data-element_type=\"column\">\n\t\t\t<div class=\"elementor-widget-wrap elementor-element-populated\">\n\t\t\t\t\t\t\t\t<div class=\"elementor-element elementor-element-72c0066 elementor-widget elementor-widget-image\" data-id=\"72c0066\" data-element_type=\"widget\" data-widget_type=\"image.default\">\n\t\t\t\t<div class=\"elementor-widget-container\">\n\t\t\t\t\t\t\t\t\t\t\t\t\t\t\t<img width=\"1000\" height=\"710\" src=\"https:\/\/vetradent.ca\/wp-content\/uploads\/2022\/07\/LRVHP.jpg\" class=\"attachment-full size-full\" alt=\"\" loading=\"lazy\" srcset=\"https:\/\/vetradent.ca\/wp-content\/uploads\/2022\/07\/LRVHP.jpg 1000w, https:\/\/vetradent.ca\/wp-content\/uploads\/2022\/07\/LRVHP-300x213.jpg 300w, https:\/\/vetradent.ca\/wp-content\/uploads\/2022\/07\/LRVHP-768x545.jpg 768w\" sizes=\"(max-width: 1000px) 100vw, 1000px\" \/>\t\t\t\t\t\t\t\t\t\t\t\t\t\t\t<\/div>\n\t\t\t\t<\/div>\n\t\t\t\t\t<\/div>\n\t\t<\/div>\n\t\t\t\t\t\t\t<\/div>\n\t\t<\/section>\n\t\t\t\t\t\t\t<\/div>\n\t\t","protected":false},"excerpt":{"rendered":"<p>Comment cela fonctionne La technologie BiotrateTM VetradentTM est unique parce qu&rsquo;il agit contre les bact\u00e9ries buccales associ\u00e9es \u00e0 l\u2019environnement, en le modifiant. Il passe au travers du biofilm dentaire rendant les bact\u00e9ries inaccessibles, expos\u00e9es pour \u00e9radication.https:\/\/dev-vetradent.pantheonsite.io\/wp-content\/uploads\/2022\/10\/biotrate-technology-fr.mp4 EFFICACIT\u00c9 ET S\u00c9CURIT\u00c9 D\u00c9MONTR\u00c9ES EFFICACIT\u00c9 Soixante chiens beagles en sant\u00e9 ont particip\u00e9 \u00e0 une \u00e9tude contr\u00f4l\u00e9e sur \u00e9chantillon al\u00e9atoire [&hellip;]<\/p>\n","protected":false},"author":1,"featured_media":0,"parent":0,"menu_order":0,"comment_status":"closed","ping_status":"closed","template":"elementor_header_footer","meta":[],"_links":{"self":[{"href":"https:\/\/vetradent.ca\/fr\/wp-json\/wp\/v2\/pages\/1898"}],"collection":[{"href":"https:\/\/vetradent.ca\/fr\/wp-json\/wp\/v2\/pages"}],"about":[{"href":"https:\/\/vetradent.ca\/fr\/wp-json\/wp\/v2\/types\/page"}],"author":[{"embeddable":true,"href":"https:\/\/vetradent.ca\/fr\/wp-json\/wp\/v2\/users\/1"}],"replies":[{"embeddable":true,"href":"https:\/\/vetradent.ca\/fr\/wp-json\/wp\/v2\/comments?post=1898"}],"version-history":[{"count":39,"href":"https:\/\/vetradent.ca\/fr\/wp-json\/wp\/v2\/pages\/1898\/revisions"}],"predecessor-version":[{"id":2371,"href":"https:\/\/vetradent.ca\/fr\/wp-json\/wp\/v2\/pages\/1898\/revisions\/2371"}],"wp:attachment":[{"href":"https:\/\/vetradent.ca\/fr\/wp-json\/wp\/v2\/media?parent=1898"}],"curies":[{"name":"wp","href":"https:\/\/api.w.org\/{rel}","templated":true}]}}