{"id":1881,"date":"2022-08-09T09:58:19","date_gmt":"2022-08-09T09:58:19","guid":{"rendered":"https:\/\/dev-vetradent.pantheonsite.io\/?page_id=1881"},"modified":"2022-08-31T08:07:22","modified_gmt":"2022-08-31T08:07:22","slug":"sante-bucco-dentaire","status":"publish","type":"page","link":"https:\/\/vetradent.ca\/fr\/sante-bucco-dentaire\/","title":{"rendered":"Sant\u00e9 Bucco-dentaire"},"content":{"rendered":"\t\t<div data-elementor-type=\"wp-page\" data-elementor-id=\"1881\" class=\"elementor elementor-1881\">\n\t\t\t\t\t\t\t\t\t<section class=\"elementor-section elementor-top-section elementor-element elementor-element-ff06d87 elementor-section-stretched elementor-section-boxed elementor-section-height-default elementor-section-height-default\" data-id=\"ff06d87\" data-element_type=\"section\" data-settings=\"{&quot;stretch_section&quot;:&quot;section-stretched&quot;,&quot;background_background&quot;:&quot;gradient&quot;}\">\n\t\t\t\t\t\t<div class=\"elementor-container elementor-column-gap-default\">\n\t\t\t\t\t<div class=\"elementor-column elementor-col-50 elementor-top-column elementor-element elementor-element-8eec464\" data-id=\"8eec464\" data-element_type=\"column\">\n\t\t\t<div class=\"elementor-widget-wrap elementor-element-populated\">\n\t\t\t\t\t\t\t\t<section class=\"elementor-section elementor-inner-section elementor-element elementor-element-4cfbb0c elementor-section-boxed elementor-section-height-default elementor-section-height-default\" data-id=\"4cfbb0c\" data-element_type=\"section\">\n\t\t\t\t\t\t<div class=\"elementor-container elementor-column-gap-no\">\n\t\t\t\t\t<div class=\"elementor-column elementor-col-100 elementor-inner-column elementor-element elementor-element-2bf3b3f\" data-id=\"2bf3b3f\" data-element_type=\"column\">\n\t\t\t<div class=\"elementor-widget-wrap elementor-element-populated\">\n\t\t\t\t\t\t\t\t<div class=\"elementor-element elementor-element-3869714 elementor-widget elementor-widget-heading\" data-id=\"3869714\" data-element_type=\"widget\" data-widget_type=\"heading.default\">\n\t\t\t\t<div class=\"elementor-widget-container\">\n\t\t\t<style>\/*! elementor - v3.7.8 - 02-10-2022 *\/\n.elementor-heading-title{padding:0;margin:0;line-height:1}.elementor-widget-heading .elementor-heading-title[class*=elementor-size-]>a{color:inherit;font-size:inherit;line-height:inherit}.elementor-widget-heading .elementor-heading-title.elementor-size-small{font-size:15px}.elementor-widget-heading .elementor-heading-title.elementor-size-medium{font-size:19px}.elementor-widget-heading .elementor-heading-title.elementor-size-large{font-size:29px}.elementor-widget-heading .elementor-heading-title.elementor-size-xl{font-size:39px}.elementor-widget-heading .elementor-heading-title.elementor-size-xxl{font-size:59px}<\/style><h2 class=\"elementor-heading-title elementor-size-default\">Sant\u00e9 bucco-dentaire <\/h2>\t\t<\/div>\n\t\t\t\t<\/div>\n\t\t\t\t\t<\/div>\n\t\t<\/div>\n\t\t\t\t\t\t\t<\/div>\n\t\t<\/section>\n\t\t\t\t\t<\/div>\n\t\t<\/div>\n\t\t\t\t<div class=\"elementor-column elementor-col-50 elementor-top-column elementor-element elementor-element-b162c87\" data-id=\"b162c87\" data-element_type=\"column\" data-settings=\"{&quot;background_background&quot;:&quot;classic&quot;}\">\n\t\t\t<div class=\"elementor-widget-wrap\">\n\t\t\t\t\t\t\t\t\t<\/div>\n\t\t<\/div>\n\t\t\t\t\t\t\t<\/div>\n\t\t<\/section>\n\t\t\t\t<section class=\"elementor-section elementor-top-section elementor-element elementor-element-a542fa3 elementor-section-stretched elementor-section-boxed elementor-section-height-default elementor-section-height-default\" data-id=\"a542fa3\" data-element_type=\"section\" data-settings=\"{&quot;stretch_section&quot;:&quot;section-stretched&quot;}\">\n\t\t\t\t\t\t<div class=\"elementor-container elementor-column-gap-default\">\n\t\t\t\t\t<div class=\"elementor-column elementor-col-66 elementor-top-column elementor-element elementor-element-7e2faf4\" data-id=\"7e2faf4\" data-element_type=\"column\">\n\t\t\t<div class=\"elementor-widget-wrap elementor-element-populated\">\n\t\t\t\t\t\t\t\t<div class=\"elementor-element elementor-element-1b38ac3 elementor-widget elementor-widget-heading\" data-id=\"1b38ac3\" data-element_type=\"widget\" data-widget_type=\"heading.default\">\n\t\t\t\t<div class=\"elementor-widget-container\">\n\t\t\t<h2 class=\"elementor-heading-title elementor-size-default\">LES CHIENS ET LES CHATS ONT-ILS BESOIN DE SOINS BUCCO-DENTAIRES?<\/h2>\t\t<\/div>\n\t\t\t\t<\/div>\n\t\t\t\t<div class=\"elementor-element elementor-element-7e709d3 elementor-widget elementor-widget-text-editor\" data-id=\"7e709d3\" data-element_type=\"widget\" data-widget_type=\"text-editor.default\">\n\t\t\t\t<div class=\"elementor-widget-container\">\n\t\t\t<style>\/*! elementor - v3.7.8 - 02-10-2022 *\/\n.elementor-widget-text-editor.elementor-drop-cap-view-stacked .elementor-drop-cap{background-color:#818a91;color:#fff}.elementor-widget-text-editor.elementor-drop-cap-view-framed .elementor-drop-cap{color:#818a91;border:3px solid;background-color:transparent}.elementor-widget-text-editor:not(.elementor-drop-cap-view-default) .elementor-drop-cap{margin-top:8px}.elementor-widget-text-editor:not(.elementor-drop-cap-view-default) .elementor-drop-cap-letter{width:1em;height:1em}.elementor-widget-text-editor .elementor-drop-cap{float:left;text-align:center;line-height:1;font-size:50px}.elementor-widget-text-editor .elementor-drop-cap-letter{display:inline-block}<\/style>\t\t\t\tLes soins bucco-dentaires sont importants pour les animaux de compagnie. En fait, les besoins en soins bucco-dentaires des humains et des animaux de compagnie sont tr\u00e8s similaires. Mais contrairement aux humains, nos animaux de compagnie ne se brossent pas les dents et n&rsquo;utilisent pas de fil dentaire quotidiennement pour pr\u00e9venir les maladies bucco-dentaires, y compris les maladies parodontales.\t\t\t\t\t\t<\/div>\n\t\t\t\t<\/div>\n\t\t\t\t<div class=\"elementor-element elementor-element-401cff1 elementor-widget elementor-widget-heading\" data-id=\"401cff1\" data-element_type=\"widget\" data-widget_type=\"heading.default\">\n\t\t\t\t<div class=\"elementor-widget-container\">\n\t\t\t<h2 class=\"elementor-heading-title elementor-size-default\">Pourquoi est-ce important <\/h2>\t\t<\/div>\n\t\t\t\t<\/div>\n\t\t\t\t<div class=\"elementor-element elementor-element-07beb47 elementor-widget elementor-widget-text-editor\" data-id=\"07beb47\" data-element_type=\"widget\" data-widget_type=\"text-editor.default\">\n\t\t\t\t<div class=\"elementor-widget-container\">\n\t\t\t\t\t\t\tLes maladies dentaires causent de l&rsquo;inconfort et peuvent entrainer \u00e0 une diminution de l&rsquo;app\u00e9tit et la perte de poids. Ainsi, les bact\u00e9ries de maladie dentaire ou leurs toxines peuvent passer dans le sang de votre animal, affectant les poumons, le c\u0153ur, les reins, le foie et le syst\u00e8me nerveux.\t\t\t\t\t\t<\/div>\n\t\t\t\t<\/div>\n\t\t\t\t\t<\/div>\n\t\t<\/div>\n\t\t\t\t<div class=\"elementor-column elementor-col-33 elementor-top-column elementor-element elementor-element-3f78ffc\" data-id=\"3f78ffc\" data-element_type=\"column\">\n\t\t\t<div class=\"elementor-widget-wrap elementor-element-populated\">\n\t\t\t\t\t\t\t\t<div class=\"elementor-element elementor-element-672ab1a elementor-widget elementor-widget-image\" data-id=\"672ab1a\" data-element_type=\"widget\" data-widget_type=\"image.default\">\n\t\t\t\t<div class=\"elementor-widget-container\">\n\t\t\t<style>\/*! elementor - v3.7.8 - 02-10-2022 *\/\n.elementor-widget-image{text-align:center}.elementor-widget-image a{display:inline-block}.elementor-widget-image a img[src$=\".svg\"]{width:48px}.elementor-widget-image img{vertical-align:middle;display:inline-block}<\/style>\t\t\t\t\t\t\t\t\t\t\t\t<img width=\"1500\" height=\"2035\" src=\"https:\/\/vetradent.ca\/wp-content\/uploads\/2022\/07\/DOGS-AND-CATS-NEED-ORAL-CARE.jpg\" class=\"attachment-full size-full\" alt=\"\" loading=\"lazy\" srcset=\"https:\/\/vetradent.ca\/wp-content\/uploads\/2022\/07\/DOGS-AND-CATS-NEED-ORAL-CARE.jpg 1500w, https:\/\/vetradent.ca\/wp-content\/uploads\/2022\/07\/DOGS-AND-CATS-NEED-ORAL-CARE-221x300.jpg 221w, https:\/\/vetradent.ca\/wp-content\/uploads\/2022\/07\/DOGS-AND-CATS-NEED-ORAL-CARE-755x1024.jpg 755w, https:\/\/vetradent.ca\/wp-content\/uploads\/2022\/07\/DOGS-AND-CATS-NEED-ORAL-CARE-768x1042.jpg 768w, https:\/\/vetradent.ca\/wp-content\/uploads\/2022\/07\/DOGS-AND-CATS-NEED-ORAL-CARE-1132x1536.jpg 1132w\" sizes=\"(max-width: 1500px) 100vw, 1500px\" \/>\t\t\t\t\t\t\t\t\t\t\t\t\t\t\t<\/div>\n\t\t\t\t<\/div>\n\t\t\t\t<div class=\"elementor-element elementor-element-e110bf5 elementor-hidden-tablet elementor-hidden-mobile elementor-widget elementor-widget-image\" data-id=\"e110bf5\" data-element_type=\"widget\" data-widget_type=\"image.default\">\n\t\t\t\t<div class=\"elementor-widget-container\">\n\t\t\t\t\t\t\t\t\t\t\t\t\t\t\t<img width=\"1500\" height=\"671\" src=\"https:\/\/vetradent.ca\/wp-content\/uploads\/2022\/08\/DOGS-AND-CATS-NEED-ORAL-CARE-2.jpg\" class=\"attachment-full size-full\" alt=\"\" loading=\"lazy\" srcset=\"https:\/\/vetradent.ca\/wp-content\/uploads\/2022\/08\/DOGS-AND-CATS-NEED-ORAL-CARE-2.jpg 1500w, https:\/\/vetradent.ca\/wp-content\/uploads\/2022\/08\/DOGS-AND-CATS-NEED-ORAL-CARE-2-300x134.jpg 300w, https:\/\/vetradent.ca\/wp-content\/uploads\/2022\/08\/DOGS-AND-CATS-NEED-ORAL-CARE-2-1024x458.jpg 1024w, https:\/\/vetradent.ca\/wp-content\/uploads\/2022\/08\/DOGS-AND-CATS-NEED-ORAL-CARE-2-768x344.jpg 768w\" sizes=\"(max-width: 1500px) 100vw, 1500px\" \/>\t\t\t\t\t\t\t\t\t\t\t\t\t\t\t<\/div>\n\t\t\t\t<\/div>\n\t\t\t\t\t<\/div>\n\t\t<\/div>\n\t\t\t\t\t\t\t<\/div>\n\t\t<\/section>\n\t\t\t\t<section class=\"elementor-section elementor-top-section elementor-element elementor-element-86d45d4 elementor-section-stretched elementor-section-boxed elementor-section-height-default elementor-section-height-default\" data-id=\"86d45d4\" data-element_type=\"section\" data-settings=\"{&quot;background_background&quot;:&quot;classic&quot;,&quot;stretch_section&quot;:&quot;section-stretched&quot;}\">\n\t\t\t\t\t\t<div class=\"elementor-container elementor-column-gap-default\">\n\t\t\t\t\t<div class=\"elementor-column elementor-col-100 elementor-top-column elementor-element elementor-element-5ed23ef\" data-id=\"5ed23ef\" data-element_type=\"column\">\n\t\t\t<div class=\"elementor-widget-wrap elementor-element-populated\">\n\t\t\t\t\t\t\t\t<div class=\"elementor-element elementor-element-942e369 elementor-widget elementor-widget-heading\" data-id=\"942e369\" data-element_type=\"widget\" data-widget_type=\"heading.default\">\n\t\t\t\t<div class=\"elementor-widget-container\">\n\t\t\t<h2 class=\"elementor-heading-title elementor-size-default\">QU\u2019EST-CE QU\u2019UNE MALADIE PARODONTALE?<\/h2>\t\t<\/div>\n\t\t\t\t<\/div>\n\t\t\t\t<div class=\"elementor-element elementor-element-e0ab47e elementor-widget elementor-widget-text-editor\" data-id=\"e0ab47e\" data-element_type=\"widget\" data-widget_type=\"text-editor.default\">\n\t\t\t\t<div class=\"elementor-widget-container\">\n\t\t\t\t\t\t\tLa maladie parodontale commence lorsque les bact\u00e9ries pr\u00e9sentes dans la bouche forment une substance appel\u00e9e plaque dentaire qui adh\u00e8re \u00e0 la surface des dents. Les min\u00e9raux contenus dans la salive durcissent ensuite la plaque pour former du tartre dentaire (calcul). Bien que le tartre au-dessus de la ligne des gencives puisse \u00eatre visible, il n\u2019est pas la cause premi\u00e8re de la maladie. La maladie survient lorsque les bact\u00e9ries contenues dans la plaque et le tartre se propagent sous le rebord gingival et dans la circulation sanguine. Sans traitement, la maladie parodontale peut entra\u00eener des maladies cardiaques, pulmonaires et r\u00e9nales, ainsi qu\u2019une r\u00e9duction de l\u2019esp\u00e9rance de vie de votre animal.<sup>1<\/sup> D\u00e8s l\u2019\u00e2ge de trois ans, la plupart des chiens et des chats pr\u00e9sentent des signes de maladie parodontale.<sup>1<\/sup>\t\t\t\t\t\t<\/div>\n\t\t\t\t<\/div>\n\t\t\t\t<div class=\"elementor-element elementor-element-2c0dd8d elementor-widget elementor-widget-text-editor\" data-id=\"2c0dd8d\" data-element_type=\"widget\" data-widget_type=\"text-editor.default\">\n\t\t\t\t<div class=\"elementor-widget-container\">\n\t\t\t\t\t\t\tR\u00e9f\u00e9rence\n<small>1. https:\/\/www.aaha.org\/public_documents\/professional\/guidelines\/dentaltoolkit_booklet.pdf<\/small>\t\t\t\t\t\t<\/div>\n\t\t\t\t<\/div>\n\t\t\t\t<div class=\"elementor-element elementor-element-0e48907 elementor-widget elementor-widget-text-editor\" data-id=\"0e48907\" data-element_type=\"widget\" data-widget_type=\"text-editor.default\">\n\t\t\t\t<div class=\"elementor-widget-container\">\n\t\t\t\t\t\t\tLA MALADIE PARODONTALE EST UNE MALADIE PROGRESSIVE; PLUS ELLE EST IDENTIFI\u00c9E ET TRAIT\u00c9E T\u00d4T, PLUS GRANDES SONT LES CHANCES DE R\u00c9DUIRE LA PROGRESSION DE LA MALADIE.\t\t\t\t\t\t<\/div>\n\t\t\t\t<\/div>\n\t\t\t\t<section class=\"elementor-section elementor-inner-section elementor-element elementor-element-15999cd elementor-section-boxed elementor-section-height-default elementor-section-height-default\" data-id=\"15999cd\" data-element_type=\"section\">\n\t\t\t\t\t\t<div class=\"elementor-container elementor-column-gap-wider\">\n\t\t\t\t\t<div class=\"elementor-column elementor-col-50 elementor-inner-column elementor-element elementor-element-75db4d1\" data-id=\"75db4d1\" data-element_type=\"column\">\n\t\t\t<div class=\"elementor-widget-wrap elementor-element-populated\">\n\t\t\t\t\t\t\t\t<div class=\"elementor-element elementor-element-9af4249 elementor-widget elementor-widget-image\" data-id=\"9af4249\" data-element_type=\"widget\" data-widget_type=\"image.default\">\n\t\t\t\t<div class=\"elementor-widget-container\">\n\t\t\t\t\t\t\t\t\t\t\t\t\t\t\t<img width=\"304\" height=\"112\" src=\"https:\/\/vetradent.ca\/wp-content\/uploads\/2022\/07\/dog-treatment.png\" class=\"attachment-full size-full\" alt=\"\" loading=\"lazy\" srcset=\"https:\/\/vetradent.ca\/wp-content\/uploads\/2022\/07\/dog-treatment.png 304w, https:\/\/vetradent.ca\/wp-content\/uploads\/2022\/07\/dog-treatment-300x111.png 300w\" sizes=\"(max-width: 304px) 100vw, 304px\" \/>\t\t\t\t\t\t\t\t\t\t\t\t\t\t\t<\/div>\n\t\t\t\t<\/div>\n\t\t\t\t\t<\/div>\n\t\t<\/div>\n\t\t\t\t<div class=\"elementor-column elementor-col-50 elementor-inner-column elementor-element elementor-element-bf93cbb\" data-id=\"bf93cbb\" data-element_type=\"column\">\n\t\t\t<div class=\"elementor-widget-wrap elementor-element-populated\">\n\t\t\t\t\t\t\t\t<div class=\"elementor-element elementor-element-58474cf elementor-widget elementor-widget-heading\" data-id=\"58474cf\" data-element_type=\"widget\" data-widget_type=\"heading.default\">\n\t\t\t\t<div class=\"elementor-widget-container\">\n\t\t\t<h2 class=\"elementor-heading-title elementor-size-default\">COMMENT RECONNA\u00ceTRE UNE MALADIE BUCCALE<\/h2>\t\t<\/div>\n\t\t\t\t<\/div>\n\t\t\t\t<div class=\"elementor-element elementor-element-40ad3ea elementor-widget elementor-widget-text-editor\" data-id=\"40ad3ea\" data-element_type=\"widget\" data-widget_type=\"text-editor.default\">\n\t\t\t\t<div class=\"elementor-widget-container\">\n\t\t\t\t\t\t\tLes signes de maladie bucco-dentaire sont nombreux : mauvaise haleine, gencives enflamm\u00e9es, saignantes ou rouges, ou d\u00e9p\u00f4ts bruns (tartre) sur les dents.\t\t\t\t\t\t<\/div>\n\t\t\t\t<\/div>\n\t\t\t\t\t<\/div>\n\t\t<\/div>\n\t\t\t\t\t\t\t<\/div>\n\t\t<\/section>\n\t\t\t\t<section class=\"elementor-section elementor-inner-section elementor-element elementor-element-418abb2 elementor-section-boxed elementor-section-height-default elementor-section-height-default\" data-id=\"418abb2\" data-element_type=\"section\">\n\t\t\t\t\t\t<div class=\"elementor-container elementor-column-gap-wider\">\n\t\t\t\t\t<div class=\"elementor-column elementor-col-50 elementor-inner-column elementor-element elementor-element-3bb533d\" data-id=\"3bb533d\" data-element_type=\"column\" data-settings=\"{&quot;background_background&quot;:&quot;classic&quot;}\">\n\t\t\t<div class=\"elementor-widget-wrap elementor-element-populated\">\n\t\t\t\t\t\t\t\t<div class=\"elementor-element elementor-element-bdb4678 elementor-widget elementor-widget-image\" data-id=\"bdb4678\" data-element_type=\"widget\" data-widget_type=\"image.default\">\n\t\t\t\t<div class=\"elementor-widget-container\">\n\t\t\t\t\t\t\t\t\t\t\t\t\t\t\t<img width=\"1920\" height=\"1080\" src=\"https:\/\/vetradent.ca\/wp-content\/uploads\/2022\/07\/blank.png\" class=\"attachment-full size-full\" alt=\"\" loading=\"lazy\" srcset=\"https:\/\/vetradent.ca\/wp-content\/uploads\/2022\/07\/blank.png 1920w, https:\/\/vetradent.ca\/wp-content\/uploads\/2022\/07\/blank-300x169.png 300w, https:\/\/vetradent.ca\/wp-content\/uploads\/2022\/07\/blank-1024x576.png 1024w, https:\/\/vetradent.ca\/wp-content\/uploads\/2022\/07\/blank-768x432.png 768w, https:\/\/vetradent.ca\/wp-content\/uploads\/2022\/07\/blank-1536x864.png 1536w\" sizes=\"(max-width: 1920px) 100vw, 1920px\" \/>\t\t\t\t\t\t\t\t\t\t\t\t\t\t\t<\/div>\n\t\t\t\t<\/div>\n\t\t\t\t\t<\/div>\n\t\t<\/div>\n\t\t\t\t<div class=\"elementor-column elementor-col-50 elementor-inner-column elementor-element elementor-element-6f4c7dd\" data-id=\"6f4c7dd\" data-element_type=\"column\">\n\t\t\t<div class=\"elementor-widget-wrap elementor-element-populated\">\n\t\t\t\t\t\t\t\t<div class=\"elementor-element elementor-element-bebb4ad elementor-widget elementor-widget-heading\" data-id=\"bebb4ad\" data-element_type=\"widget\" data-widget_type=\"heading.default\">\n\t\t\t\t<div class=\"elementor-widget-container\">\n\t\t\t<h2 class=\"elementor-heading-title elementor-size-default\">PEUT-ON PR\u00c9VENIR LES MALADIES PARODONTALES CHEZ LES ANIMAUX DE COMPAGNIE ?<\/h2>\t\t<\/div>\n\t\t\t\t<\/div>\n\t\t\t\t<div class=\"elementor-element elementor-element-f51d524 elementor-widget elementor-widget-text-editor\" data-id=\"f51d524\" data-element_type=\"widget\" data-widget_type=\"text-editor.default\">\n\t\t\t\t<div class=\"elementor-widget-container\">\n\t\t\t\t\t\t\tLes maladies parodontales peuvent \u00eatre \u00e9vit\u00e9es gr\u00e2ce \u00e0 des soins bucco-dentaires \u00e0 domicile. Les soins bucco-dentaires sont aussi importants chez les animaux de compagnie que chez les humains. La gamme de produits Vetradent<sup>TM<\/sup> offre de nombreuses options pour vous aider \u00e0 maintenir et \u00e0 promouvoir une bonne hygi\u00e8ne buccale.\t\t\t\t\t\t<\/div>\n\t\t\t\t<\/div>\n\t\t\t\t\t<\/div>\n\t\t<\/div>\n\t\t\t\t\t\t\t<\/div>\n\t\t<\/section>\n\t\t\t\t\t<\/div>\n\t\t<\/div>\n\t\t\t\t\t\t\t<\/div>\n\t\t<\/section>\n\t\t\t\t<section class=\"elementor-section elementor-top-section elementor-element elementor-element-1505c8f elementor-section-stretched elementor-section-content-middle elementor-section-boxed elementor-section-height-default elementor-section-height-default\" data-id=\"1505c8f\" data-element_type=\"section\" data-settings=\"{&quot;stretch_section&quot;:&quot;section-stretched&quot;}\">\n\t\t\t\t\t\t<div class=\"elementor-container elementor-column-gap-default\">\n\t\t\t\t\t<div class=\"elementor-column elementor-col-33 elementor-top-column elementor-element elementor-element-0fbe23e\" data-id=\"0fbe23e\" data-element_type=\"column\">\n\t\t\t<div class=\"elementor-widget-wrap elementor-element-populated\">\n\t\t\t\t\t\t\t\t<div class=\"elementor-element elementor-element-b41947d elementor-widget elementor-widget-image\" data-id=\"b41947d\" data-element_type=\"widget\" data-widget_type=\"image.default\">\n\t\t\t\t<div class=\"elementor-widget-container\">\n\t\t\t\t\t\t\t\t\t\t\t\t\t\t\t<img width=\"1000\" height=\"1916\" src=\"https:\/\/vetradent.ca\/wp-content\/uploads\/2022\/07\/HOW-VETRADENTTM-HELPS.jpg\" class=\"attachment-full size-full\" alt=\"\" loading=\"lazy\" srcset=\"https:\/\/vetradent.ca\/wp-content\/uploads\/2022\/07\/HOW-VETRADENTTM-HELPS.jpg 1000w, https:\/\/vetradent.ca\/wp-content\/uploads\/2022\/07\/HOW-VETRADENTTM-HELPS-157x300.jpg 157w, https:\/\/vetradent.ca\/wp-content\/uploads\/2022\/07\/HOW-VETRADENTTM-HELPS-534x1024.jpg 534w, https:\/\/vetradent.ca\/wp-content\/uploads\/2022\/07\/HOW-VETRADENTTM-HELPS-768x1471.jpg 768w, https:\/\/vetradent.ca\/wp-content\/uploads\/2022\/07\/HOW-VETRADENTTM-HELPS-802x1536.jpg 802w\" sizes=\"(max-width: 1000px) 100vw, 1000px\" \/>\t\t\t\t\t\t\t\t\t\t\t\t\t\t\t<\/div>\n\t\t\t\t<\/div>\n\t\t\t\t\t<\/div>\n\t\t<\/div>\n\t\t\t\t<div class=\"elementor-column elementor-col-66 elementor-top-column elementor-element elementor-element-80406d3\" data-id=\"80406d3\" data-element_type=\"column\">\n\t\t\t<div class=\"elementor-widget-wrap elementor-element-populated\">\n\t\t\t\t\t\t\t\t<div class=\"elementor-element elementor-element-44467e9 elementor-widget elementor-widget-heading\" data-id=\"44467e9\" data-element_type=\"widget\" data-widget_type=\"heading.default\">\n\t\t\t\t<div class=\"elementor-widget-container\">\n\t\t\t<h2 class=\"elementor-heading-title elementor-size-default\">En faire une routine<\/h2>\t\t<\/div>\n\t\t\t\t<\/div>\n\t\t\t\t<div class=\"elementor-element elementor-element-8a1a6c3 elementor-widget elementor-widget-text-editor\" data-id=\"8a1a6c3\" data-element_type=\"widget\" data-widget_type=\"text-editor.default\">\n\t\t\t\t<div class=\"elementor-widget-container\">\n\t\t\t\t\t\t\tComme prendre soin de vos propres dents est une t\u00e2che quotidienne, il en est de m\u00eame pour les chiens et les chats. Adoptez une routine quotidienne de traitement dentaire pour vos animaux et amenez-les en clinique pour des examens dentaires r\u00e9guliers. Si des signes cliniques de maladie dentaire sont pr\u00e9sents, envisagez de planifier un nettoyage dentaire professionnel. \t\t\t\t\t\t<\/div>\n\t\t\t\t<\/div>\n\t\t\t\t<div class=\"elementor-element elementor-element-b4ed9b5 elementor-widget elementor-widget-heading\" data-id=\"b4ed9b5\" data-element_type=\"widget\" data-widget_type=\"heading.default\">\n\t\t\t\t<div class=\"elementor-widget-container\">\n\t\t\t<h2 class=\"elementor-heading-title elementor-size-default\">Comment Vetradent<sup>TM<\/sup>  aide<\/h2>\t\t<\/div>\n\t\t\t\t<\/div>\n\t\t\t\t<div class=\"elementor-element elementor-element-1391200 elementor-widget elementor-widget-text-editor\" data-id=\"1391200\" data-element_type=\"widget\" data-widget_type=\"text-editor.default\">\n\t\t\t\t<div class=\"elementor-widget-container\">\n\t\t\t\t\t\t\tVetradent<sup>TM<\/sup> a \u00e9t\u00e9 d\u00e9montr\u00e9 efficace dans le maintien et la promotion d&rsquo;une bonne hygi\u00e8ne bucco-dentaire. Con\u00e7u de la technologie Biotrate<sup>TM<\/sup>, en attente de brevet, Vetradent<sup>TM<\/sup> utilise des ingr\u00e9dients alimentaires de haute qualit\u00e9 qui sont s\u00e9curitaires pour la consommation quotidienne. Satisfaction Garantie.\t\t\t\t\t\t<\/div>\n\t\t\t\t<\/div>\n\t\t\t\t\t<\/div>\n\t\t<\/div>\n\t\t\t\t\t\t\t<\/div>\n\t\t<\/section>\n\t\t\t\t\t\t\t<\/div>\n\t\t","protected":false},"excerpt":{"rendered":"<p>Sant\u00e9 bucco-dentaire LES CHIENS ET LES CHATS ONT-ILS BESOIN DE SOINS BUCCO-DENTAIRES? Les soins bucco-dentaires sont importants pour les animaux de compagnie. En fait, les besoins en soins bucco-dentaires des humains et des animaux de compagnie sont tr\u00e8s similaires. Mais contrairement aux humains, nos animaux de compagnie ne se brossent pas les dents et n&rsquo;utilisent [&hellip;]<\/p>\n","protected":false},"author":1,"featured_media":0,"parent":0,"menu_order":0,"comment_status":"closed","ping_status":"closed","template":"elementor_header_footer","meta":[],"_links":{"self":[{"href":"https:\/\/vetradent.ca\/fr\/wp-json\/wp\/v2\/pages\/1881"}],"collection":[{"href":"https:\/\/vetradent.ca\/fr\/wp-json\/wp\/v2\/pages"}],"about":[{"href":"https:\/\/vetradent.ca\/fr\/wp-json\/wp\/v2\/types\/page"}],"author":[{"embeddable":true,"href":"https:\/\/vetradent.ca\/fr\/wp-json\/wp\/v2\/users\/1"}],"replies":[{"embeddable":true,"href":"https:\/\/vetradent.ca\/fr\/wp-json\/wp\/v2\/comments?post=1881"}],"version-history":[{"count":36,"href":"https:\/\/vetradent.ca\/fr\/wp-json\/wp\/v2\/pages\/1881\/revisions"}],"predecessor-version":[{"id":2290,"href":"https:\/\/vetradent.ca\/fr\/wp-json\/wp\/v2\/pages\/1881\/revisions\/2290"}],"wp:attachment":[{"href":"https:\/\/vetradent.ca\/fr\/wp-json\/wp\/v2\/media?parent=1881"}],"curies":[{"name":"wp","href":"https:\/\/api.w.org\/{rel}","templated":true}]}}